{"id":745681,"date":"2026-04-23T07:57:51","date_gmt":"2026-04-23T04:57:51","guid":{"rendered":"https:\/\/ventspils.citro.lv\/veikals\/zefirs-maigums-avenu-sokolade-mini-185g\/"},"modified":"2026-04-23T07:58:01","modified_gmt":"2026-04-23T04:58:01","slug":"zefirs-maigums-avenu-sokolade-mini-185g","status":"publish","type":"product","link":"https:\/\/ventspils.citro.lv\/ru\/veikals\/zefirs-maigums-avenu-sokolade-mini-185g\/","title":{"rendered":"Zef\u012brs Maigums ave\u0146u \u0161okol\u0101d\u0113 mini 185g"},"content":{"rendered":"","protected":false},"excerpt":{"rendered":"<p>35.62 \u20ac\/kg<\/p>\n","protected":false},"featured_media":1250206,"template":"","meta":{"_acf_changed":false,"inline_featured_image":false},"product_cat":[125,207],"product_tag":[],"acf":[],"aioseo_notices":[],"_links":{"self":[{"href":"https:\/\/ventspils.citro.lv\/ru\/wp-json\/wp\/v2\/product\/745681"}],"collection":[{"href":"https:\/\/ventspils.citro.lv\/ru\/wp-json\/wp\/v2\/product"}],"about":[{"href":"https:\/\/ventspils.citro.lv\/ru\/wp-json\/wp\/v2\/types\/product"}],"wp:featuredmedia":[{"embeddable":true,"href":"https:\/\/ventspils.citro.lv\/ru\/wp-json\/wp\/v2\/media\/1250206"}],"wp:attachment":[{"href":"https:\/\/ventspils.citro.lv\/ru\/wp-json\/wp\/v2\/media?parent=745681"}],"wp:term":[{"taxonomy":"product_cat","embeddable":true,"href":"https:\/\/ventspils.citro.lv\/ru\/wp-json\/wp\/v2\/product_cat?post=745681"},{"taxonomy":"product_tag","embeddable":true,"href":"https:\/\/ventspils.citro.lv\/ru\/wp-json\/wp\/v2\/product_tag?post=745681"}],"curies":[{"name":"wp","href":"https:\/\/api.w.org\/{rel}","templated":true}]}}