{"id":745,"date":"2026-03-18T04:00:36","date_gmt":"2026-03-18T02:00:36","guid":{"rendered":"http:\/\/cvent.dev.wmc.lv\/ventspils\/veikals\/sausini-ar-rozinem-big-pack-500g\/"},"modified":"2026-03-18T04:00:46","modified_gmt":"2026-03-18T02:00:46","slug":"sausini-ar-rozinem-big-pack-500g","status":"publish","type":"product","link":"https:\/\/ventspils.citro.lv\/ru\/veikals\/sausini-ar-rozinem-big-pack-500g\/","title":{"rendered":"Sausi\u0146i ar roz\u012bn\u0113m Big Pack 500g"},"content":{"rendered":"","protected":false},"excerpt":{"rendered":"<p>5.58 \u20ac\/kg<\/p>\n","protected":false},"featured_media":1228277,"template":"","meta":{"_acf_changed":false,"inline_featured_image":false},"product_cat":[215,218],"product_tag":[],"acf":[],"aioseo_notices":[],"_links":{"self":[{"href":"https:\/\/ventspils.citro.lv\/ru\/wp-json\/wp\/v2\/product\/745"}],"collection":[{"href":"https:\/\/ventspils.citro.lv\/ru\/wp-json\/wp\/v2\/product"}],"about":[{"href":"https:\/\/ventspils.citro.lv\/ru\/wp-json\/wp\/v2\/types\/product"}],"wp:featuredmedia":[{"embeddable":true,"href":"https:\/\/ventspils.citro.lv\/ru\/wp-json\/wp\/v2\/media\/1228277"}],"wp:attachment":[{"href":"https:\/\/ventspils.citro.lv\/ru\/wp-json\/wp\/v2\/media?parent=745"}],"wp:term":[{"taxonomy":"product_cat","embeddable":true,"href":"https:\/\/ventspils.citro.lv\/ru\/wp-json\/wp\/v2\/product_cat?post=745"},{"taxonomy":"product_tag","embeddable":true,"href":"https:\/\/ventspils.citro.lv\/ru\/wp-json\/wp\/v2\/product_tag?post=745"}],"curies":[{"name":"wp","href":"https:\/\/api.w.org\/{rel}","templated":true}]}}