{"id":738,"date":"2026-04-07T01:12:49","date_gmt":"2026-04-06T22:12:49","guid":{"rendered":"http:\/\/cvent.dev.wmc.lv\/ventspils\/veikals\/bekonsn-a-k-amerikanu-gaume-150g-rakvere\/"},"modified":"2026-04-07T01:12:54","modified_gmt":"2026-04-06T22:12:54","slug":"bekons-a-k-amerikanu-gaume150g","status":"publish","type":"product","link":"https:\/\/ventspils.citro.lv\/ru\/veikals\/bekons-a-k-amerikanu-gaume150g\/","title":{"rendered":"Bekons a\/k Amerik\u0101\u0146u gaum\u0113150g"},"content":{"rendered":"","protected":false},"excerpt":{"rendered":"<p>16.60 \u20ac\/gb<\/p>\n","protected":false},"featured_media":1240046,"template":"","meta":{"_acf_changed":false,"inline_featured_image":false},"product_cat":[135,174],"product_tag":[],"acf":[],"aioseo_notices":[],"_links":{"self":[{"href":"https:\/\/ventspils.citro.lv\/ru\/wp-json\/wp\/v2\/product\/738"}],"collection":[{"href":"https:\/\/ventspils.citro.lv\/ru\/wp-json\/wp\/v2\/product"}],"about":[{"href":"https:\/\/ventspils.citro.lv\/ru\/wp-json\/wp\/v2\/types\/product"}],"wp:featuredmedia":[{"embeddable":true,"href":"https:\/\/ventspils.citro.lv\/ru\/wp-json\/wp\/v2\/media\/1240046"}],"wp:attachment":[{"href":"https:\/\/ventspils.citro.lv\/ru\/wp-json\/wp\/v2\/media?parent=738"}],"wp:term":[{"taxonomy":"product_cat","embeddable":true,"href":"https:\/\/ventspils.citro.lv\/ru\/wp-json\/wp\/v2\/product_cat?post=738"},{"taxonomy":"product_tag","embeddable":true,"href":"https:\/\/ventspils.citro.lv\/ru\/wp-json\/wp\/v2\/product_tag?post=738"}],"curies":[{"name":"wp","href":"https:\/\/api.w.org\/{rel}","templated":true}]}}