{"id":736681,"date":"2026-04-24T04:27:49","date_gmt":"2026-04-24T01:27:49","guid":{"rendered":"https:\/\/ventspils.citro.lv\/veikals\/karbonade-cukgalas-majas-zavejuma-sv\/"},"modified":"2026-04-24T04:27:54","modified_gmt":"2026-04-24T01:27:54","slug":"karbonade-cukgalas-majas-zavejuma-sv","status":"publish","type":"product","link":"https:\/\/ventspils.citro.lv\/ru\/veikals\/karbonade-cukgalas-majas-zavejuma-sv\/","title":{"rendered":"Karbon\u0101de c\u016bkga\u013cas M\u0101jas \u017e\u0101v\u0113jum\u0101 sv."},"content":{"rendered":"<p>Sast\u0101vda\u013cas: c\u016bkas karbon\u0101de 83%, \u016bdens, s\u0101ls, stabiliz\u0113t\u0101ji E451, E407, E425, E415, dekstroze, gar\u0161as pastiprin\u0101t\u0101js E621, konservants E250 gar\u0161vielu ekstrakts. Produkts var satur\u0113t SOJAS, SINEPJU un PIENA da\u013ci\u0146as. 100g produkta satur: ener\u0123\u0113tisk\u0101 v\u0113rt\u012bba 700kJ\/167kcal, tauki 10g, tostarp pies\u0101tin\u0101t\u0101s tauksk\u0101bes 3g, og\u013chidr\u0101ti 0,3g, tostarp cukuri 0g, olbaltumvielas 17g, s\u0101ls 2,3g. Uzglab\u0101\u0161anas temperat\u016bra: +2 &#8212; +6C.<\/p>\n","protected":false},"excerpt":{"rendered":"<p>&nbsp;<\/p>\n","protected":false},"featured_media":1251534,"template":"","meta":{"_acf_changed":false,"inline_featured_image":false},"product_cat":[135,174],"product_tag":[],"acf":[],"aioseo_notices":[],"_links":{"self":[{"href":"https:\/\/ventspils.citro.lv\/ru\/wp-json\/wp\/v2\/product\/736681"}],"collection":[{"href":"https:\/\/ventspils.citro.lv\/ru\/wp-json\/wp\/v2\/product"}],"about":[{"href":"https:\/\/ventspils.citro.lv\/ru\/wp-json\/wp\/v2\/types\/product"}],"wp:featuredmedia":[{"embeddable":true,"href":"https:\/\/ventspils.citro.lv\/ru\/wp-json\/wp\/v2\/media\/1251534"}],"wp:attachment":[{"href":"https:\/\/ventspils.citro.lv\/ru\/wp-json\/wp\/v2\/media?parent=736681"}],"wp:term":[{"taxonomy":"product_cat","embeddable":true,"href":"https:\/\/ventspils.citro.lv\/ru\/wp-json\/wp\/v2\/product_cat?post=736681"},{"taxonomy":"product_tag","embeddable":true,"href":"https:\/\/ventspils.citro.lv\/ru\/wp-json\/wp\/v2\/product_tag?post=736681"}],"curies":[{"name":"wp","href":"https:\/\/api.w.org\/{rel}","templated":true}]}}