{"id":731,"date":"2026-04-10T04:12:03","date_gmt":"2026-04-10T01:12:03","guid":{"rendered":"http:\/\/cvent.dev.wmc.lv\/ventspils\/veikals\/zupa-borscs-skabu-kapostu-kok-510g\/"},"modified":"2026-04-10T04:12:08","modified_gmt":"2026-04-10T01:12:08","slug":"zupa-borscs-skabu-kapostu-500g","status":"publish","type":"product","link":"https:\/\/ventspils.citro.lv\/ru\/veikals\/zupa-borscs-skabu-kapostu-500g\/","title":{"rendered":"Zupa Bor\u0161\u010ds sk\u0101bu k\u0101postu 500g"},"content":{"rendered":"","protected":false},"excerpt":{"rendered":"<p>4.18 \u20ac\/kg<\/p>\n","protected":false},"featured_media":1242779,"template":"","meta":{"_acf_changed":false,"inline_featured_image":false},"product_cat":[103,137],"product_tag":[],"acf":[],"aioseo_notices":[],"_links":{"self":[{"href":"https:\/\/ventspils.citro.lv\/ru\/wp-json\/wp\/v2\/product\/731"}],"collection":[{"href":"https:\/\/ventspils.citro.lv\/ru\/wp-json\/wp\/v2\/product"}],"about":[{"href":"https:\/\/ventspils.citro.lv\/ru\/wp-json\/wp\/v2\/types\/product"}],"wp:featuredmedia":[{"embeddable":true,"href":"https:\/\/ventspils.citro.lv\/ru\/wp-json\/wp\/v2\/media\/1242779"}],"wp:attachment":[{"href":"https:\/\/ventspils.citro.lv\/ru\/wp-json\/wp\/v2\/media?parent=731"}],"wp:term":[{"taxonomy":"product_cat","embeddable":true,"href":"https:\/\/ventspils.citro.lv\/ru\/wp-json\/wp\/v2\/product_cat?post=731"},{"taxonomy":"product_tag","embeddable":true,"href":"https:\/\/ventspils.citro.lv\/ru\/wp-json\/wp\/v2\/product_tag?post=731"}],"curies":[{"name":"wp","href":"https:\/\/api.w.org\/{rel}","templated":true}]}}