{"id":730,"date":"2026-04-10T06:39:26","date_gmt":"2026-04-10T03:39:26","guid":{"rendered":"http:\/\/cvent.dev.wmc.lv\/ventspils\/veikals\/konservi-sprotes-ella-eo-240g\/"},"modified":"2026-04-17T13:21:13","modified_gmt":"2026-04-17T10:21:13","slug":"konservi-sprotes-ella-240g-168g","status":"publish","type":"product","link":"https:\/\/ventspils.citro.lv\/ru\/veikals\/konservi-sprotes-ella-240g-168g\/","title":{"rendered":"Konservi \u0160protes e\u013c\u013c\u0101 240g\/168g"},"content":{"rendered":"","protected":false},"excerpt":{"rendered":"<p>10.06 \u20ac\/kg<\/p>\n","protected":false},"featured_media":1243443,"template":"","meta":{"_acf_changed":false,"inline_featured_image":false},"product_cat":[540,135],"product_tag":[],"acf":[],"aioseo_notices":[],"_links":{"self":[{"href":"https:\/\/ventspils.citro.lv\/ru\/wp-json\/wp\/v2\/product\/730"}],"collection":[{"href":"https:\/\/ventspils.citro.lv\/ru\/wp-json\/wp\/v2\/product"}],"about":[{"href":"https:\/\/ventspils.citro.lv\/ru\/wp-json\/wp\/v2\/types\/product"}],"wp:featuredmedia":[{"embeddable":true,"href":"https:\/\/ventspils.citro.lv\/ru\/wp-json\/wp\/v2\/media\/1243443"}],"wp:attachment":[{"href":"https:\/\/ventspils.citro.lv\/ru\/wp-json\/wp\/v2\/media?parent=730"}],"wp:term":[{"taxonomy":"product_cat","embeddable":true,"href":"https:\/\/ventspils.citro.lv\/ru\/wp-json\/wp\/v2\/product_cat?post=730"},{"taxonomy":"product_tag","embeddable":true,"href":"https:\/\/ventspils.citro.lv\/ru\/wp-json\/wp\/v2\/product_tag?post=730"}],"curies":[{"name":"wp","href":"https:\/\/api.w.org\/{rel}","templated":true}]}}