{"id":729,"date":"2026-04-10T05:51:14","date_gmt":"2026-04-10T02:51:14","guid":{"rendered":"http:\/\/cvent.dev.wmc.lv\/ventspils\/veikals\/sulas-dz-elmenhorster-abolu-kirsu-14-2l\/"},"modified":"2026-04-10T05:51:18","modified_gmt":"2026-04-10T02:51:18","slug":"sulas-dzeriens-elmenhorster-abolu-kirsu-dzeriens-14-2-l","status":"publish","type":"product","link":"https:\/\/ventspils.citro.lv\/ru\/veikals\/sulas-dzeriens-elmenhorster-abolu-kirsu-dzeriens-14-2-l\/","title":{"rendered":"Sulas dz\u0113riens Elmenhorster \u0101bolu \u0137ir\u0161u dz\u0113riens 14% 2 l"},"content":{"rendered":"","protected":false},"excerpt":{"rendered":"<p>1.05 \u20ac\/l<\/p>\n","protected":false},"featured_media":1243206,"template":"","meta":{"_acf_changed":false,"inline_featured_image":false},"product_cat":[106,124],"product_tag":[],"acf":[],"aioseo_notices":[],"_links":{"self":[{"href":"https:\/\/ventspils.citro.lv\/ru\/wp-json\/wp\/v2\/product\/729"}],"collection":[{"href":"https:\/\/ventspils.citro.lv\/ru\/wp-json\/wp\/v2\/product"}],"about":[{"href":"https:\/\/ventspils.citro.lv\/ru\/wp-json\/wp\/v2\/types\/product"}],"wp:featuredmedia":[{"embeddable":true,"href":"https:\/\/ventspils.citro.lv\/ru\/wp-json\/wp\/v2\/media\/1243206"}],"wp:attachment":[{"href":"https:\/\/ventspils.citro.lv\/ru\/wp-json\/wp\/v2\/media?parent=729"}],"wp:term":[{"taxonomy":"product_cat","embeddable":true,"href":"https:\/\/ventspils.citro.lv\/ru\/wp-json\/wp\/v2\/product_cat?post=729"},{"taxonomy":"product_tag","embeddable":true,"href":"https:\/\/ventspils.citro.lv\/ru\/wp-json\/wp\/v2\/product_tag?post=729"}],"curies":[{"name":"wp","href":"https:\/\/api.w.org\/{rel}","templated":true}]}}