{"id":725812,"date":"2026-03-18T05:00:27","date_gmt":"2026-03-18T03:00:27","guid":{"rendered":"https:\/\/ventspils.citro.lv\/veikals\/putra-axa-ar-krejumubananiem-un-zemenem-bez-cukura-40g\/"},"modified":"2026-03-20T17:01:22","modified_gmt":"2026-03-20T15:01:22","slug":"putra-axa-ar-krejumubananiem-un-zemenem-bez-cukura-40g","status":"publish","type":"product","link":"https:\/\/ventspils.citro.lv\/ru\/veikals\/putra-axa-ar-krejumubananiem-un-zemenem-bez-cukura-40g\/","title":{"rendered":"Putra AXA ar kr\u0113jumu,ban\u0101niem un zemen\u0113m  bez cukura 40g"},"content":{"rendered":"","protected":false},"excerpt":{"rendered":"<p>17.75 \u20ac\/kg<\/p>\n","protected":false},"featured_media":1228519,"template":"","meta":{"_acf_changed":false,"inline_featured_image":false},"product_cat":[118,123],"product_tag":[],"acf":[],"aioseo_notices":[],"_links":{"self":[{"href":"https:\/\/ventspils.citro.lv\/ru\/wp-json\/wp\/v2\/product\/725812"}],"collection":[{"href":"https:\/\/ventspils.citro.lv\/ru\/wp-json\/wp\/v2\/product"}],"about":[{"href":"https:\/\/ventspils.citro.lv\/ru\/wp-json\/wp\/v2\/types\/product"}],"wp:featuredmedia":[{"embeddable":true,"href":"https:\/\/ventspils.citro.lv\/ru\/wp-json\/wp\/v2\/media\/1228519"}],"wp:attachment":[{"href":"https:\/\/ventspils.citro.lv\/ru\/wp-json\/wp\/v2\/media?parent=725812"}],"wp:term":[{"taxonomy":"product_cat","embeddable":true,"href":"https:\/\/ventspils.citro.lv\/ru\/wp-json\/wp\/v2\/product_cat?post=725812"},{"taxonomy":"product_tag","embeddable":true,"href":"https:\/\/ventspils.citro.lv\/ru\/wp-json\/wp\/v2\/product_tag?post=725812"}],"curies":[{"name":"wp","href":"https:\/\/api.w.org\/{rel}","templated":true}]}}