{"id":725807,"date":"2026-04-10T08:42:24","date_gmt":"2026-04-10T05:42:24","guid":{"rendered":"https:\/\/ventspils.citro.lv\/veikals\/biezputra-milupa-7-graudu-ar-aboliem-un-prebiotikam-8-250g\/"},"modified":"2026-04-10T08:42:33","modified_gmt":"2026-04-10T05:42:33","slug":"biezputra-milupa-7-graudu-ar-aboliem-un-prebiotikam-8-250g","status":"publish","type":"product","link":"https:\/\/ventspils.citro.lv\/ru\/veikals\/biezputra-milupa-7-graudu-ar-aboliem-un-prebiotikam-8-250g\/","title":{"rendered":"Biezputra Milupa 7 graudu ar \u0101boliem un prebiotik\u0101m 8+ 250g"},"content":{"rendered":"<p>Graudaugu milti 37,4% (KVIE\u0160U* 32,9%, SPELTAS* 0,74%, gri\u0137u 0,74%, r\u012bsu 0,74%, PROSAS* 0,74%, RUDZU* 0,74%, AUZU* 0,74%), V\u0100JPIENA pulveris 27,8%, augu e\u013c\u013ca (saulespu\u0137u, rap\u0161u, saulespu\u0137u e\u013c\u013ca ar augstu ole\u012bnsk\u0101bes saturu, kokosriekstu), demineraliz\u0113ts s\u016bkalu pulveris (no govs PIENA) 10%, \u0101bolu pulveris 10%, miner\u0101lvielas: kalcija karbon\u0101ts, dzelzs pirofosf\u0101ts, k\u0101lija jod\u012bds, fruktooligosahar\u012bdi 0,36%, vitam\u012bni (L-askorb\u012bnsk\u0101be, DL-alfa-tokoferilacet\u0101ts, retinilacet\u0101ts, holekalciferols, D-biot\u012bns, tiam\u012bna mononitr\u0101ts, piridoks\u012bna hidrohlor\u012bds). *pilngraudu<\/p>\n","protected":false},"excerpt":{"rendered":"<p>15.64 \u20ac\/kg<\/p>\n","protected":false},"featured_media":1243976,"template":"","meta":{"_acf_changed":false,"inline_featured_image":false},"product_cat":[172,173],"product_tag":[],"acf":[],"aioseo_notices":[],"_links":{"self":[{"href":"https:\/\/ventspils.citro.lv\/ru\/wp-json\/wp\/v2\/product\/725807"}],"collection":[{"href":"https:\/\/ventspils.citro.lv\/ru\/wp-json\/wp\/v2\/product"}],"about":[{"href":"https:\/\/ventspils.citro.lv\/ru\/wp-json\/wp\/v2\/types\/product"}],"wp:featuredmedia":[{"embeddable":true,"href":"https:\/\/ventspils.citro.lv\/ru\/wp-json\/wp\/v2\/media\/1243976"}],"wp:attachment":[{"href":"https:\/\/ventspils.citro.lv\/ru\/wp-json\/wp\/v2\/media?parent=725807"}],"wp:term":[{"taxonomy":"product_cat","embeddable":true,"href":"https:\/\/ventspils.citro.lv\/ru\/wp-json\/wp\/v2\/product_cat?post=725807"},{"taxonomy":"product_tag","embeddable":true,"href":"https:\/\/ventspils.citro.lv\/ru\/wp-json\/wp\/v2\/product_tag?post=725807"}],"curies":[{"name":"wp","href":"https:\/\/api.w.org\/{rel}","templated":true}]}}