{"id":723219,"date":"2026-04-01T02:42:38","date_gmt":"2026-03-31T23:42:38","guid":{"rendered":"https:\/\/ventspils.citro.lv\/veikals\/tirisanas-lidzeklis-the-pink-stuff-wc-putojoss-12gb\/"},"modified":"2026-04-13T11:50:32","modified_gmt":"2026-04-13T08:50:32","slug":"tirisanas-lidzeklis-the-pink-stuff-wc-putojoss-3gb","status":"publish","type":"product","link":"https:\/\/ventspils.citro.lv\/ru\/veikals\/tirisanas-lidzeklis-the-pink-stuff-wc-putojoss-3gb\/","title":{"rendered":"T\u012br\u012b\u0161anas l\u012bdzeklis The Pink Stuff WC putojo\u0161s 3gb"},"content":{"rendered":"","protected":false},"excerpt":{"rendered":"<p>0.39 \u20ac\/gb<\/p>\n","protected":false},"featured_media":1238814,"template":"","meta":{"_acf_changed":false,"inline_featured_image":false},"product_cat":[131,169],"product_tag":[],"acf":[],"aioseo_notices":[],"_links":{"self":[{"href":"https:\/\/ventspils.citro.lv\/ru\/wp-json\/wp\/v2\/product\/723219"}],"collection":[{"href":"https:\/\/ventspils.citro.lv\/ru\/wp-json\/wp\/v2\/product"}],"about":[{"href":"https:\/\/ventspils.citro.lv\/ru\/wp-json\/wp\/v2\/types\/product"}],"wp:featuredmedia":[{"embeddable":true,"href":"https:\/\/ventspils.citro.lv\/ru\/wp-json\/wp\/v2\/media\/1238814"}],"wp:attachment":[{"href":"https:\/\/ventspils.citro.lv\/ru\/wp-json\/wp\/v2\/media?parent=723219"}],"wp:term":[{"taxonomy":"product_cat","embeddable":true,"href":"https:\/\/ventspils.citro.lv\/ru\/wp-json\/wp\/v2\/product_cat?post=723219"},{"taxonomy":"product_tag","embeddable":true,"href":"https:\/\/ventspils.citro.lv\/ru\/wp-json\/wp\/v2\/product_tag?post=723219"}],"curies":[{"name":"wp","href":"https:\/\/api.w.org\/{rel}","templated":true}]}}