{"id":723218,"date":"2026-04-24T10:06:33","date_gmt":"2026-04-24T07:06:33","guid":{"rendered":"https:\/\/ventspils.citro.lv\/veikals\/tirisanas-lidzeklis-the-pink-stuff-multifunkcionals-750ml\/"},"modified":"2026-04-24T10:06:37","modified_gmt":"2026-04-24T07:06:37","slug":"tirisanas-lidzeklis-the-pink-stuff-multifunkcionals-750ml","status":"publish","type":"product","link":"https:\/\/ventspils.citro.lv\/ru\/veikals\/tirisanas-lidzeklis-the-pink-stuff-multifunkcionals-750ml\/","title":{"rendered":"T\u012br\u012b\u0161anas l\u012bdzeklis The Pink Stuff multifunkcion\u0101ls 750ml"},"content":{"rendered":"","protected":false},"excerpt":{"rendered":"<p>3.85 \u20ac\/l<\/p>\n","protected":false},"featured_media":1252994,"template":"","meta":{"_acf_changed":false,"inline_featured_image":false},"product_cat":[131,169],"product_tag":[],"acf":[],"aioseo_notices":[],"_links":{"self":[{"href":"https:\/\/ventspils.citro.lv\/ru\/wp-json\/wp\/v2\/product\/723218"}],"collection":[{"href":"https:\/\/ventspils.citro.lv\/ru\/wp-json\/wp\/v2\/product"}],"about":[{"href":"https:\/\/ventspils.citro.lv\/ru\/wp-json\/wp\/v2\/types\/product"}],"wp:featuredmedia":[{"embeddable":true,"href":"https:\/\/ventspils.citro.lv\/ru\/wp-json\/wp\/v2\/media\/1252994"}],"wp:attachment":[{"href":"https:\/\/ventspils.citro.lv\/ru\/wp-json\/wp\/v2\/media?parent=723218"}],"wp:term":[{"taxonomy":"product_cat","embeddable":true,"href":"https:\/\/ventspils.citro.lv\/ru\/wp-json\/wp\/v2\/product_cat?post=723218"},{"taxonomy":"product_tag","embeddable":true,"href":"https:\/\/ventspils.citro.lv\/ru\/wp-json\/wp\/v2\/product_tag?post=723218"}],"curies":[{"name":"wp","href":"https:\/\/api.w.org\/{rel}","templated":true}]}}