{"id":723217,"date":"2026-04-24T10:06:13","date_gmt":"2026-04-24T07:06:13","guid":{"rendered":"https:\/\/ventspils.citro.lv\/veikals\/tirisanas-pasta-the-pink-stuff-multifunkcionala-850g\/"},"modified":"2026-04-24T10:06:22","modified_gmt":"2026-04-24T07:06:22","slug":"tirisanas-pasta-the-pink-stuff-multifunkcionala-850g","status":"publish","type":"product","link":"https:\/\/ventspils.citro.lv\/ru\/veikals\/tirisanas-pasta-the-pink-stuff-multifunkcionala-850g\/","title":{"rendered":"T\u012br\u012b\u0161anas pasta The Pink Stuff multifunkcion\u0101la 850g"},"content":{"rendered":"","protected":false},"excerpt":{"rendered":"<p>4.69 \u20ac\/kg<\/p>\n","protected":false},"featured_media":1252991,"template":"","meta":{"_acf_changed":false,"inline_featured_image":false},"product_cat":[131,169],"product_tag":[],"acf":[],"aioseo_notices":[],"_links":{"self":[{"href":"https:\/\/ventspils.citro.lv\/ru\/wp-json\/wp\/v2\/product\/723217"}],"collection":[{"href":"https:\/\/ventspils.citro.lv\/ru\/wp-json\/wp\/v2\/product"}],"about":[{"href":"https:\/\/ventspils.citro.lv\/ru\/wp-json\/wp\/v2\/types\/product"}],"wp:featuredmedia":[{"embeddable":true,"href":"https:\/\/ventspils.citro.lv\/ru\/wp-json\/wp\/v2\/media\/1252991"}],"wp:attachment":[{"href":"https:\/\/ventspils.citro.lv\/ru\/wp-json\/wp\/v2\/media?parent=723217"}],"wp:term":[{"taxonomy":"product_cat","embeddable":true,"href":"https:\/\/ventspils.citro.lv\/ru\/wp-json\/wp\/v2\/product_cat?post=723217"},{"taxonomy":"product_tag","embeddable":true,"href":"https:\/\/ventspils.citro.lv\/ru\/wp-json\/wp\/v2\/product_tag?post=723217"}],"curies":[{"name":"wp","href":"https:\/\/api.w.org\/{rel}","templated":true}]}}