{"id":722,"date":"2026-04-24T04:15:26","date_gmt":"2026-04-24T01:15:26","guid":{"rendered":"http:\/\/cvent.dev.wmc.lv\/ventspils\/veikals\/gala-surimi-ar-krabju-garsu-balta-120g-vici\/"},"modified":"2026-04-25T10:00:59","modified_gmt":"2026-04-25T07:00:59","slug":"surimi-gala-balta-ar-krabju-garsu-dzeseta-vici-120g","status":"publish","type":"product","link":"https:\/\/ventspils.citro.lv\/ru\/veikals\/surimi-gala-balta-ar-krabju-garsu-dzeseta-vici-120g\/","title":{"rendered":"Surimi ga\u013ca balt\u0101 ar krabju gar\u0161u dzes\u0113ta Vi\u010di 120g"},"content":{"rendered":"","protected":false},"excerpt":{"rendered":"<p>16.58 \u20ac\/kg<\/p>\n","protected":false},"featured_media":1251477,"template":"","meta":{"_acf_changed":false,"inline_featured_image":false},"product_cat":[554,135],"product_tag":[],"acf":[],"aioseo_notices":[],"_links":{"self":[{"href":"https:\/\/ventspils.citro.lv\/ru\/wp-json\/wp\/v2\/product\/722"}],"collection":[{"href":"https:\/\/ventspils.citro.lv\/ru\/wp-json\/wp\/v2\/product"}],"about":[{"href":"https:\/\/ventspils.citro.lv\/ru\/wp-json\/wp\/v2\/types\/product"}],"wp:featuredmedia":[{"embeddable":true,"href":"https:\/\/ventspils.citro.lv\/ru\/wp-json\/wp\/v2\/media\/1251477"}],"wp:attachment":[{"href":"https:\/\/ventspils.citro.lv\/ru\/wp-json\/wp\/v2\/media?parent=722"}],"wp:term":[{"taxonomy":"product_cat","embeddable":true,"href":"https:\/\/ventspils.citro.lv\/ru\/wp-json\/wp\/v2\/product_cat?post=722"},{"taxonomy":"product_tag","embeddable":true,"href":"https:\/\/ventspils.citro.lv\/ru\/wp-json\/wp\/v2\/product_tag?post=722"}],"curies":[{"name":"wp","href":"https:\/\/api.w.org\/{rel}","templated":true}]}}