{"id":72012,"date":"2026-03-18T04:18:24","date_gmt":"2026-03-18T02:18:24","guid":{"rendered":"https:\/\/ventspils.citro.lv\/veikals\/cigorini-galka-ar-mezrozem-200g\/"},"modified":"2026-03-18T04:18:34","modified_gmt":"2026-03-18T02:18:34","slug":"cigorini-galka-ar-mezrozem-200g","status":"publish","type":"product","link":"https:\/\/ventspils.citro.lv\/ru\/veikals\/cigorini-galka-ar-mezrozem-200g\/","title":{"rendered":"Cigori\u0146i Galka ar me\u017eroz\u0113m 200g"},"content":{"rendered":"","protected":false},"excerpt":{"rendered":"<p>9.95 \u20ac\/kg<\/p>\n","protected":false},"featured_media":1228348,"template":"","meta":{"_acf_changed":false,"inline_featured_image":false},"product_cat":[538,142],"product_tag":[],"acf":[],"aioseo_notices":[],"_links":{"self":[{"href":"https:\/\/ventspils.citro.lv\/ru\/wp-json\/wp\/v2\/product\/72012"}],"collection":[{"href":"https:\/\/ventspils.citro.lv\/ru\/wp-json\/wp\/v2\/product"}],"about":[{"href":"https:\/\/ventspils.citro.lv\/ru\/wp-json\/wp\/v2\/types\/product"}],"wp:featuredmedia":[{"embeddable":true,"href":"https:\/\/ventspils.citro.lv\/ru\/wp-json\/wp\/v2\/media\/1228348"}],"wp:attachment":[{"href":"https:\/\/ventspils.citro.lv\/ru\/wp-json\/wp\/v2\/media?parent=72012"}],"wp:term":[{"taxonomy":"product_cat","embeddable":true,"href":"https:\/\/ventspils.citro.lv\/ru\/wp-json\/wp\/v2\/product_cat?post=72012"},{"taxonomy":"product_tag","embeddable":true,"href":"https:\/\/ventspils.citro.lv\/ru\/wp-json\/wp\/v2\/product_tag?post=72012"}],"curies":[{"name":"wp","href":"https:\/\/api.w.org\/{rel}","templated":true}]}}