{"id":718,"date":"2026-04-28T02:27:51","date_gmt":"2026-04-27T23:27:51","guid":{"rendered":"http:\/\/cvent.dev.wmc.lv\/ventspils\/veikals\/salati-ensalada-ar-surimi-nuj-un-darz-vici-400g\/"},"modified":"2026-04-28T02:28:01","modified_gmt":"2026-04-27T23:28:01","slug":"salati-ar-surimi-nujinam-un-darzeniem-ensalada-400g","status":"publish","type":"product","link":"https:\/\/ventspils.citro.lv\/ru\/veikals\/salati-ar-surimi-nujinam-un-darzeniem-ensalada-400g\/","title":{"rendered":"Sal\u0101ti ar surimi n\u016bji\u0146\u0101m un d\u0101rze\u0146iem Ensalada 400g"},"content":{"rendered":"","protected":false},"excerpt":{"rendered":"<p>7.98 \u20ac\/kg<\/p>\n","protected":false},"featured_media":1254071,"template":"","meta":{"_acf_changed":false,"inline_featured_image":false},"product_cat":[545,135],"product_tag":[],"acf":[],"aioseo_notices":[],"_links":{"self":[{"href":"https:\/\/ventspils.citro.lv\/ru\/wp-json\/wp\/v2\/product\/718"}],"collection":[{"href":"https:\/\/ventspils.citro.lv\/ru\/wp-json\/wp\/v2\/product"}],"about":[{"href":"https:\/\/ventspils.citro.lv\/ru\/wp-json\/wp\/v2\/types\/product"}],"wp:featuredmedia":[{"embeddable":true,"href":"https:\/\/ventspils.citro.lv\/ru\/wp-json\/wp\/v2\/media\/1254071"}],"wp:attachment":[{"href":"https:\/\/ventspils.citro.lv\/ru\/wp-json\/wp\/v2\/media?parent=718"}],"wp:term":[{"taxonomy":"product_cat","embeddable":true,"href":"https:\/\/ventspils.citro.lv\/ru\/wp-json\/wp\/v2\/product_cat?post=718"},{"taxonomy":"product_tag","embeddable":true,"href":"https:\/\/ventspils.citro.lv\/ru\/wp-json\/wp\/v2\/product_tag?post=718"}],"curies":[{"name":"wp","href":"https:\/\/api.w.org\/{rel}","templated":true}]}}