{"id":714124,"date":"2026-04-24T10:03:58","date_gmt":"2026-04-24T07:03:58","guid":{"rendered":"https:\/\/ventspils.citro.lv\/veikals\/maisijums-lecu-zupa-francu-gaume-ar-samp-valdo-250g\/"},"modified":"2026-04-24T10:04:09","modified_gmt":"2026-04-24T07:04:09","slug":"maisijums-lecu-zupa-francu-gaume-ar-samp-valdo-250g","status":"publish","type":"product","link":"https:\/\/ventspils.citro.lv\/ru\/veikals\/maisijums-lecu-zupa-francu-gaume-ar-samp-valdo-250g\/","title":{"rendered":"Mais\u012bjums L\u0113cu zupa Fran\u010du gaum\u0113 ar \u0161amp.Valdo 250g"},"content":{"rendered":"<p>dzelten\u0101s l\u0113cas 88%, burk\u0101ni kalt\u0113ti, cepti s\u012bpoli (s\u012bpoli, palmu e\u013c\u013ca, KVIE\u0160U milti, s\u0101ls), \u0137iploki granul\u0113ti, \u0161ampinjoni 1,8%, s\u012bpoli granul\u0113ti, puravi, p\u0113ters\u012b\u013ci. Var satur\u0113t RIEKSTU, PIENA, SINEPJU, SELERIJAS, SEZAMA da\u013ci\u0146as.<\/p>\n","protected":false},"excerpt":{"rendered":"<p>0.01 \u20ac\/kg<\/p>\n","protected":false},"featured_media":1252986,"template":"","meta":{"_acf_changed":false,"inline_featured_image":false},"product_cat":[118,121],"product_tag":[],"acf":[],"aioseo_notices":[],"_links":{"self":[{"href":"https:\/\/ventspils.citro.lv\/ru\/wp-json\/wp\/v2\/product\/714124"}],"collection":[{"href":"https:\/\/ventspils.citro.lv\/ru\/wp-json\/wp\/v2\/product"}],"about":[{"href":"https:\/\/ventspils.citro.lv\/ru\/wp-json\/wp\/v2\/types\/product"}],"wp:featuredmedia":[{"embeddable":true,"href":"https:\/\/ventspils.citro.lv\/ru\/wp-json\/wp\/v2\/media\/1252986"}],"wp:attachment":[{"href":"https:\/\/ventspils.citro.lv\/ru\/wp-json\/wp\/v2\/media?parent=714124"}],"wp:term":[{"taxonomy":"product_cat","embeddable":true,"href":"https:\/\/ventspils.citro.lv\/ru\/wp-json\/wp\/v2\/product_cat?post=714124"},{"taxonomy":"product_tag","embeddable":true,"href":"https:\/\/ventspils.citro.lv\/ru\/wp-json\/wp\/v2\/product_tag?post=714124"}],"curies":[{"name":"wp","href":"https:\/\/api.w.org\/{rel}","templated":true}]}}