{"id":714122,"date":"2026-05-12T07:42:34","date_gmt":"2026-05-12T04:42:34","guid":{"rendered":"https:\/\/ventspils.citro.lv\/veikals\/maisijums-lecu-zupa-azijas-gaume-valdo-250g\/"},"modified":"2026-05-12T07:42:38","modified_gmt":"2026-05-12T04:42:38","slug":"maisijums-lecu-zupa-azijas-gaume-valdo-250g","status":"publish","type":"product","link":"https:\/\/ventspils.citro.lv\/ru\/veikals\/maisijums-lecu-zupa-azijas-gaume-valdo-250g\/","title":{"rendered":"Mais\u012bjums L\u0113cu zupa \u0100zijas gaum\u0113 Valdo  250g"},"content":{"rendered":"<p>sarkan\u0101s l\u0113cas 89%, s\u012bpoli granul\u0113ti, sarkan\u0101 un za\u013c\u0101 paprika kalt\u0113ta, tom\u0101ti saul\u0113 kalt\u0113ti, burk\u0101ni kalt\u0113ti, baziliks, piparm\u0113tra, paprika k\u016bpin\u0101ta, \u010dilli p\u0101rslas. Var satur\u0113t GLUT\u0112NA, SELERIJAS, SEZAMA, SINEPJU, PIENA, RIEKSTU da\u013ci\u0146as.<\/p>\n","protected":false},"excerpt":{"rendered":"<p>0.01 \u20ac\/kg<\/p>\n","protected":false},"featured_media":1259730,"template":"","meta":{"_acf_changed":false,"inline_featured_image":false},"product_cat":[118,121],"product_tag":[],"acf":[],"aioseo_notices":[],"_links":{"self":[{"href":"https:\/\/ventspils.citro.lv\/ru\/wp-json\/wp\/v2\/product\/714122"}],"collection":[{"href":"https:\/\/ventspils.citro.lv\/ru\/wp-json\/wp\/v2\/product"}],"about":[{"href":"https:\/\/ventspils.citro.lv\/ru\/wp-json\/wp\/v2\/types\/product"}],"wp:featuredmedia":[{"embeddable":true,"href":"https:\/\/ventspils.citro.lv\/ru\/wp-json\/wp\/v2\/media\/1259730"}],"wp:attachment":[{"href":"https:\/\/ventspils.citro.lv\/ru\/wp-json\/wp\/v2\/media?parent=714122"}],"wp:term":[{"taxonomy":"product_cat","embeddable":true,"href":"https:\/\/ventspils.citro.lv\/ru\/wp-json\/wp\/v2\/product_cat?post=714122"},{"taxonomy":"product_tag","embeddable":true,"href":"https:\/\/ventspils.citro.lv\/ru\/wp-json\/wp\/v2\/product_tag?post=714122"}],"curies":[{"name":"wp","href":"https:\/\/api.w.org\/{rel}","templated":true}]}}