{"id":714,"date":"2026-04-10T03:45:58","date_gmt":"2026-04-10T00:45:58","guid":{"rendered":"http:\/\/cvent.dev.wmc.lv\/ventspils\/veikals\/silkes-fileja-trekna-240g-vici\/"},"modified":"2026-04-10T10:18:32","modified_gmt":"2026-04-10T07:18:32","slug":"silkes-fileja-ella-trekna-vici-240g-190g","status":"publish","type":"product","link":"https:\/\/ventspils.citro.lv\/ru\/veikals\/silkes-fileja-ella-trekna-vici-240g-190g\/","title":{"rendered":"Si\u013c\u0137es fileja e\u013c\u013c\u0101 trekn\u0101 Vi\u010di 240g\/190g"},"content":{"rendered":"","protected":false},"excerpt":{"rendered":"<p>10.47 \u20ac\/kg<\/p>\n","protected":false},"featured_media":1242666,"template":"","meta":{"_acf_changed":false,"inline_featured_image":false},"product_cat":[545,135],"product_tag":[],"acf":[],"aioseo_notices":[],"_links":{"self":[{"href":"https:\/\/ventspils.citro.lv\/ru\/wp-json\/wp\/v2\/product\/714"}],"collection":[{"href":"https:\/\/ventspils.citro.lv\/ru\/wp-json\/wp\/v2\/product"}],"about":[{"href":"https:\/\/ventspils.citro.lv\/ru\/wp-json\/wp\/v2\/types\/product"}],"wp:featuredmedia":[{"embeddable":true,"href":"https:\/\/ventspils.citro.lv\/ru\/wp-json\/wp\/v2\/media\/1242666"}],"wp:attachment":[{"href":"https:\/\/ventspils.citro.lv\/ru\/wp-json\/wp\/v2\/media?parent=714"}],"wp:term":[{"taxonomy":"product_cat","embeddable":true,"href":"https:\/\/ventspils.citro.lv\/ru\/wp-json\/wp\/v2\/product_cat?post=714"},{"taxonomy":"product_tag","embeddable":true,"href":"https:\/\/ventspils.citro.lv\/ru\/wp-json\/wp\/v2\/product_tag?post=714"}],"curies":[{"name":"wp","href":"https:\/\/api.w.org\/{rel}","templated":true}]}}