{"id":711459,"date":"2026-04-03T01:00:55","date_gmt":"2026-04-02T22:00:55","guid":{"rendered":"https:\/\/ventspils.citro.lv\/veikals\/silkes-fileja-vici-tradicionala-sver\/"},"modified":"2026-04-03T01:01:05","modified_gmt":"2026-04-02T22:01:05","slug":"silkes-fileja-vici-tradicionala-sver","status":"publish","type":"product","link":"https:\/\/ventspils.citro.lv\/ru\/veikals\/silkes-fileja-vici-tradicionala-sver\/","title":{"rendered":"Si\u013c\u0137es fileja VI\u010cI Tradicion\u0101la sver."},"content":{"rendered":"<p>Sast\u0101vda\u013cas: marin\u0113ta ATLANTIJAS SI\u013b\u0136ES fileja bez \u0101das 81% (si\u013c\u0137es fileja (Clupea harengus harengus), s\u0101ls, dekstroze, sk\u0101bes \u012bpa\u0161\u012bbu regul\u0113t\u0101ji: E575, gar\u0161as pastiprin\u0101t\u0101js: monon\u0101trija glutam\u0101ts, konservanti: n\u0101trija benzo\u0101ts, k\u0101lija sorb\u0101ts), augu e\u013c\u013cas 19% (1-rap\u0161u e\u013c\u013ca vai 2-saulespu\u0137u e\u013c\u013ca). Zvejas vieta: FAO 27 (Atlantijas oke\u0101na zieme\u013caustrumu da\u013ca &#8212; A: Norv\u0113\u0123ijas j\u016bra un\/vai B: Zieme\u013cj\u016bra un\/vai C: Islandes \u016bde\u0146i). E\u013c\u013cas veidu (1 vai 2) un zvejas vietu (A, B un\/vai C) skat\u012bties aiz der\u012bguma termi\u0146a. Zvejas r\u012bki: ri\u0146\u0137vadi. Glab\u0101\u0161anas noteikumi: 0&#8230;+6C. P\u0113c atv\u0113r\u0161anas izlietot 48 stundu laik\u0101.<\/p>\n","protected":false},"excerpt":{"rendered":"<p>8.79 \u20ac\/kg<\/p>\n","protected":false},"featured_media":1239398,"template":"","meta":{"_acf_changed":false,"inline_featured_image":false},"product_cat":[586,135],"product_tag":[],"acf":[],"aioseo_notices":[],"_links":{"self":[{"href":"https:\/\/ventspils.citro.lv\/ru\/wp-json\/wp\/v2\/product\/711459"}],"collection":[{"href":"https:\/\/ventspils.citro.lv\/ru\/wp-json\/wp\/v2\/product"}],"about":[{"href":"https:\/\/ventspils.citro.lv\/ru\/wp-json\/wp\/v2\/types\/product"}],"wp:featuredmedia":[{"embeddable":true,"href":"https:\/\/ventspils.citro.lv\/ru\/wp-json\/wp\/v2\/media\/1239398"}],"wp:attachment":[{"href":"https:\/\/ventspils.citro.lv\/ru\/wp-json\/wp\/v2\/media?parent=711459"}],"wp:term":[{"taxonomy":"product_cat","embeddable":true,"href":"https:\/\/ventspils.citro.lv\/ru\/wp-json\/wp\/v2\/product_cat?post=711459"},{"taxonomy":"product_tag","embeddable":true,"href":"https:\/\/ventspils.citro.lv\/ru\/wp-json\/wp\/v2\/product_tag?post=711459"}],"curies":[{"name":"wp","href":"https:\/\/api.w.org\/{rel}","templated":true}]}}