{"id":711,"date":"2026-03-04T02:03:16","date_gmt":"2026-03-04T00:03:16","guid":{"rendered":"http:\/\/cvent.dev.wmc.lv\/ventspils\/veikals\/gurki-marineti-muizkungu-kok-1kg\/"},"modified":"2026-04-29T18:58:54","modified_gmt":"2026-04-29T15:58:54","slug":"gurki-marineti-muizkungu-1kg-500g","status":"publish","type":"product","link":"https:\/\/ventspils.citro.lv\/ru\/veikals\/gurki-marineti-muizkungu-1kg-500g\/","title":{"rendered":"Gur\u0137i marin\u0113ti Mui\u017ekungu 1kg\/500g"},"content":{"rendered":"","protected":false},"excerpt":{"rendered":"<p>2.79 \u20ac\/kg<\/p>\n","protected":false},"featured_media":1221036,"template":"","meta":{"_acf_changed":false,"inline_featured_image":false},"product_cat":[103,140],"product_tag":[],"acf":[],"aioseo_notices":[],"_links":{"self":[{"href":"https:\/\/ventspils.citro.lv\/ru\/wp-json\/wp\/v2\/product\/711"}],"collection":[{"href":"https:\/\/ventspils.citro.lv\/ru\/wp-json\/wp\/v2\/product"}],"about":[{"href":"https:\/\/ventspils.citro.lv\/ru\/wp-json\/wp\/v2\/types\/product"}],"wp:featuredmedia":[{"embeddable":true,"href":"https:\/\/ventspils.citro.lv\/ru\/wp-json\/wp\/v2\/media\/1221036"}],"wp:attachment":[{"href":"https:\/\/ventspils.citro.lv\/ru\/wp-json\/wp\/v2\/media?parent=711"}],"wp:term":[{"taxonomy":"product_cat","embeddable":true,"href":"https:\/\/ventspils.citro.lv\/ru\/wp-json\/wp\/v2\/product_cat?post=711"},{"taxonomy":"product_tag","embeddable":true,"href":"https:\/\/ventspils.citro.lv\/ru\/wp-json\/wp\/v2\/product_tag?post=711"}],"curies":[{"name":"wp","href":"https:\/\/api.w.org\/{rel}","templated":true}]}}