{"id":708,"date":"2026-04-02T01:33:27","date_gmt":"2026-04-01T22:33:27","guid":{"rendered":"http:\/\/cvent.dev.wmc.lv\/ventspils\/veikals\/salami-vasalu-varita-skelites-105g-vak-noo\/"},"modified":"2026-04-02T01:33:34","modified_gmt":"2026-04-01T22:33:34","slug":"salami-vasalu-skeles-105g","status":"publish","type":"product","link":"https:\/\/ventspils.citro.lv\/ru\/veikals\/salami-vasalu-skeles-105g\/","title":{"rendered":"Salami Vasa\u013cu \u0161\u0137\u0113l\u0113s 105g"},"content":{"rendered":"","protected":false},"excerpt":{"rendered":"<p>16.10 \u20ac\/kg<\/p>\n","protected":false},"featured_media":1239002,"template":"","meta":{"_acf_changed":false,"inline_featured_image":false},"product_cat":[135,178],"product_tag":[],"acf":[],"aioseo_notices":[],"_links":{"self":[{"href":"https:\/\/ventspils.citro.lv\/ru\/wp-json\/wp\/v2\/product\/708"}],"collection":[{"href":"https:\/\/ventspils.citro.lv\/ru\/wp-json\/wp\/v2\/product"}],"about":[{"href":"https:\/\/ventspils.citro.lv\/ru\/wp-json\/wp\/v2\/types\/product"}],"wp:featuredmedia":[{"embeddable":true,"href":"https:\/\/ventspils.citro.lv\/ru\/wp-json\/wp\/v2\/media\/1239002"}],"wp:attachment":[{"href":"https:\/\/ventspils.citro.lv\/ru\/wp-json\/wp\/v2\/media?parent=708"}],"wp:term":[{"taxonomy":"product_cat","embeddable":true,"href":"https:\/\/ventspils.citro.lv\/ru\/wp-json\/wp\/v2\/product_cat?post=708"},{"taxonomy":"product_tag","embeddable":true,"href":"https:\/\/ventspils.citro.lv\/ru\/wp-json\/wp\/v2\/product_tag?post=708"}],"curies":[{"name":"wp","href":"https:\/\/api.w.org\/{rel}","templated":true}]}}