{"id":699,"date":"2026-04-14T02:27:59","date_gmt":"2026-04-13T23:27:59","guid":{"rendered":"http:\/\/cvent.dev.wmc.lv\/ventspils\/veikals\/ella-saulespuku-floriol-1l\/"},"modified":"2026-04-14T02:28:04","modified_gmt":"2026-04-13T23:28:04","slug":"ella-floriol-saulespuku-1l","status":"publish","type":"product","link":"https:\/\/ventspils.citro.lv\/ru\/veikals\/ella-floriol-saulespuku-1l\/","title":{"rendered":"E\u013c\u013ca Floriol saulespu\u0137u 1l"},"content":{"rendered":"","protected":false},"excerpt":{"rendered":"<p>4.19 \u20ac\/l<\/p>\n","protected":false},"featured_media":1245189,"template":"","meta":{"_acf_changed":false,"inline_featured_image":false},"product_cat":[116,164],"product_tag":[],"acf":[],"aioseo_notices":[],"_links":{"self":[{"href":"https:\/\/ventspils.citro.lv\/ru\/wp-json\/wp\/v2\/product\/699"}],"collection":[{"href":"https:\/\/ventspils.citro.lv\/ru\/wp-json\/wp\/v2\/product"}],"about":[{"href":"https:\/\/ventspils.citro.lv\/ru\/wp-json\/wp\/v2\/types\/product"}],"wp:featuredmedia":[{"embeddable":true,"href":"https:\/\/ventspils.citro.lv\/ru\/wp-json\/wp\/v2\/media\/1245189"}],"wp:attachment":[{"href":"https:\/\/ventspils.citro.lv\/ru\/wp-json\/wp\/v2\/media?parent=699"}],"wp:term":[{"taxonomy":"product_cat","embeddable":true,"href":"https:\/\/ventspils.citro.lv\/ru\/wp-json\/wp\/v2\/product_cat?post=699"},{"taxonomy":"product_tag","embeddable":true,"href":"https:\/\/ventspils.citro.lv\/ru\/wp-json\/wp\/v2\/product_tag?post=699"}],"curies":[{"name":"wp","href":"https:\/\/api.w.org\/{rel}","templated":true}]}}