{"id":698052,"date":"2026-03-18T04:57:38","date_gmt":"2026-03-18T02:57:38","guid":{"rendered":"https:\/\/ventspils.citro.lv\/veikals\/maisijums-risu-un-darzenu-karijs-valdo-250g\/"},"modified":"2026-03-18T04:57:49","modified_gmt":"2026-03-18T02:57:49","slug":"maisijums-risu-un-darzenu-karijs-valdo-250g","status":"publish","type":"product","link":"https:\/\/ventspils.citro.lv\/ru\/veikals\/maisijums-risu-un-darzenu-karijs-valdo-250g\/","title":{"rendered":"Mais\u012bjums R\u012bsu un d\u0101rze\u0146u karijs Valdo 250g"},"content":{"rendered":"<p>r\u012bsi 89,5%, \u0137irbji kalt\u0113ti 2,7%, s\u012bpoli granul\u0113ti, kukur\u016bza sublim\u0113ta 1,8%, sarkan\u0101 paprika kalt\u0113ta 1,3%, \u0137iploki granul\u0113ti, b\u0101rbeles, karijs 0,4% (koriandra s\u0113klas, kurkuma, \u0137imenes s\u0113klas, kukur\u016bzas vai r\u012bsu ciete, fenhe\u013ca s\u0113klas, grie\u0137u sier\u0101boli\u0146a s\u0113klas, lauru lapas, SINEPJU s\u0113klas, \u0137iploki, ingvers, mango, krustnagli\u0146as, kan\u0113lis, melnie pipari). Var satur\u0113t GLUT\u0112NA, SELERIJAS, SEZAMA, PIENA, RIEKSTU da\u013ci\u0146as.<\/p>\n","protected":false},"excerpt":{"rendered":"<p>9.16 \u20ac\/kg<\/p>\n","protected":false},"featured_media":1228509,"template":"","meta":{"_acf_changed":false,"inline_featured_image":false},"product_cat":[118,121],"product_tag":[],"acf":[],"aioseo_notices":[],"_links":{"self":[{"href":"https:\/\/ventspils.citro.lv\/ru\/wp-json\/wp\/v2\/product\/698052"}],"collection":[{"href":"https:\/\/ventspils.citro.lv\/ru\/wp-json\/wp\/v2\/product"}],"about":[{"href":"https:\/\/ventspils.citro.lv\/ru\/wp-json\/wp\/v2\/types\/product"}],"wp:featuredmedia":[{"embeddable":true,"href":"https:\/\/ventspils.citro.lv\/ru\/wp-json\/wp\/v2\/media\/1228509"}],"wp:attachment":[{"href":"https:\/\/ventspils.citro.lv\/ru\/wp-json\/wp\/v2\/media?parent=698052"}],"wp:term":[{"taxonomy":"product_cat","embeddable":true,"href":"https:\/\/ventspils.citro.lv\/ru\/wp-json\/wp\/v2\/product_cat?post=698052"},{"taxonomy":"product_tag","embeddable":true,"href":"https:\/\/ventspils.citro.lv\/ru\/wp-json\/wp\/v2\/product_tag?post=698052"}],"curies":[{"name":"wp","href":"https:\/\/api.w.org\/{rel}","templated":true}]}}