{"id":698051,"date":"2026-03-18T04:57:38","date_gmt":"2026-03-18T02:57:38","guid":{"rendered":"https:\/\/ventspils.citro.lv\/veikals\/maisijums-grubotto-ar-senem-valdo-250g\/"},"modified":"2026-03-18T04:57:43","modified_gmt":"2026-03-18T02:57:43","slug":"maisijums-grubotto-ar-senem-valdo-250g","status":"publish","type":"product","link":"https:\/\/ventspils.citro.lv\/ru\/veikals\/maisijums-grubotto-ar-senem-valdo-250g\/","title":{"rendered":"Mais\u012bjums Grubotto ar s\u0113n\u0113m Valdo 250g"},"content":{"rendered":"<p>MIE\u017dU p\u0113r\u013cu gr\u016bbas 88%, burk\u0101ni kalt\u0113ti, s\u012bpoli granul\u0113ti, \u0137iploki granul\u0113ti, \u0161ampinjoni kalt\u0113ti 0,9%, p\u0113ters\u012b\u013ci kalt\u0113ti, pastinaki kalt\u0113ti. Var satur\u0113t SELERIJAS, SEZAMA, SINEPJU, PIENA, RIEKSTU da\u013ci\u0146as.<\/p>\n","protected":false},"excerpt":{"rendered":"<p>9.16 \u20ac\/kg<\/p>\n","protected":false},"featured_media":1228508,"template":"","meta":{"_acf_changed":false,"inline_featured_image":false},"product_cat":[118,121],"product_tag":[],"acf":[],"aioseo_notices":[],"_links":{"self":[{"href":"https:\/\/ventspils.citro.lv\/ru\/wp-json\/wp\/v2\/product\/698051"}],"collection":[{"href":"https:\/\/ventspils.citro.lv\/ru\/wp-json\/wp\/v2\/product"}],"about":[{"href":"https:\/\/ventspils.citro.lv\/ru\/wp-json\/wp\/v2\/types\/product"}],"wp:featuredmedia":[{"embeddable":true,"href":"https:\/\/ventspils.citro.lv\/ru\/wp-json\/wp\/v2\/media\/1228508"}],"wp:attachment":[{"href":"https:\/\/ventspils.citro.lv\/ru\/wp-json\/wp\/v2\/media?parent=698051"}],"wp:term":[{"taxonomy":"product_cat","embeddable":true,"href":"https:\/\/ventspils.citro.lv\/ru\/wp-json\/wp\/v2\/product_cat?post=698051"},{"taxonomy":"product_tag","embeddable":true,"href":"https:\/\/ventspils.citro.lv\/ru\/wp-json\/wp\/v2\/product_tag?post=698051"}],"curies":[{"name":"wp","href":"https:\/\/api.w.org\/{rel}","templated":true}]}}