{"id":697883,"date":"2026-03-18T04:48:46","date_gmt":"2026-03-18T02:48:46","guid":{"rendered":"https:\/\/ventspils.citro.lv\/veikals\/pakaisi-kakiem-pretty-cat-cementejosi-ar-akt-ogli-6l\/"},"modified":"2026-03-18T04:48:57","modified_gmt":"2026-03-18T02:48:57","slug":"pakaisi-kakiem-pretty-cat-cementejosi-ar-akt-ogli-6l","status":"publish","type":"product","link":"https:\/\/ventspils.citro.lv\/ru\/veikals\/pakaisi-kakiem-pretty-cat-cementejosi-ar-akt-ogli-6l\/","title":{"rendered":"Pakai\u0161i ka\u0137iem PRETTY CAT cement\u0113jo\u0161i ar akt.ogli 6L"},"content":{"rendered":"","protected":false},"excerpt":{"rendered":"<p>1.03 \u20ac\/kg<\/p>\n","protected":false},"featured_media":1228473,"template":"","meta":{"_acf_changed":false,"inline_featured_image":false},"product_cat":[153,154],"product_tag":[],"acf":[],"aioseo_notices":[],"_links":{"self":[{"href":"https:\/\/ventspils.citro.lv\/ru\/wp-json\/wp\/v2\/product\/697883"}],"collection":[{"href":"https:\/\/ventspils.citro.lv\/ru\/wp-json\/wp\/v2\/product"}],"about":[{"href":"https:\/\/ventspils.citro.lv\/ru\/wp-json\/wp\/v2\/types\/product"}],"wp:featuredmedia":[{"embeddable":true,"href":"https:\/\/ventspils.citro.lv\/ru\/wp-json\/wp\/v2\/media\/1228473"}],"wp:attachment":[{"href":"https:\/\/ventspils.citro.lv\/ru\/wp-json\/wp\/v2\/media?parent=697883"}],"wp:term":[{"taxonomy":"product_cat","embeddable":true,"href":"https:\/\/ventspils.citro.lv\/ru\/wp-json\/wp\/v2\/product_cat?post=697883"},{"taxonomy":"product_tag","embeddable":true,"href":"https:\/\/ventspils.citro.lv\/ru\/wp-json\/wp\/v2\/product_tag?post=697883"}],"curies":[{"name":"wp","href":"https:\/\/api.w.org\/{rel}","templated":true}]}}