{"id":696997,"date":"2026-04-02T01:54:19","date_gmt":"2026-04-01T22:54:19","guid":{"rendered":"https:\/\/ventspils.citro.lv\/veikals\/teja-zala-lipton-avenugranatabolu-20tm-28g\/"},"modified":"2026-04-02T01:54:30","modified_gmt":"2026-04-01T22:54:30","slug":"teja-zala-lipton-avenugranatabolu-20tm-28g","status":"publish","type":"product","link":"https:\/\/ventspils.citro.lv\/ru\/veikals\/teja-zala-lipton-avenugranatabolu-20tm-28g\/","title":{"rendered":"T\u0113ja za\u013c\u0101 Lipton ave\u0146u,gran\u0101t\u0101bolu 20TM 28g"},"content":{"rendered":"","protected":false},"excerpt":{"rendered":"<p>103.21 \u20ac\/kg<\/p>\n","protected":false},"featured_media":1239072,"template":"","meta":{"_acf_changed":false,"inline_featured_image":false},"product_cat":[142,143],"product_tag":[],"acf":[],"aioseo_notices":[],"_links":{"self":[{"href":"https:\/\/ventspils.citro.lv\/ru\/wp-json\/wp\/v2\/product\/696997"}],"collection":[{"href":"https:\/\/ventspils.citro.lv\/ru\/wp-json\/wp\/v2\/product"}],"about":[{"href":"https:\/\/ventspils.citro.lv\/ru\/wp-json\/wp\/v2\/types\/product"}],"wp:featuredmedia":[{"embeddable":true,"href":"https:\/\/ventspils.citro.lv\/ru\/wp-json\/wp\/v2\/media\/1239072"}],"wp:attachment":[{"href":"https:\/\/ventspils.citro.lv\/ru\/wp-json\/wp\/v2\/media?parent=696997"}],"wp:term":[{"taxonomy":"product_cat","embeddable":true,"href":"https:\/\/ventspils.citro.lv\/ru\/wp-json\/wp\/v2\/product_cat?post=696997"},{"taxonomy":"product_tag","embeddable":true,"href":"https:\/\/ventspils.citro.lv\/ru\/wp-json\/wp\/v2\/product_tag?post=696997"}],"curies":[{"name":"wp","href":"https:\/\/api.w.org\/{rel}","templated":true}]}}