{"id":691,"date":"2026-05-12T05:15:02","date_gmt":"2026-05-12T02:15:02","guid":{"rendered":"http:\/\/cvent.dev.wmc.lv\/ventspils\/veikals\/sulas-dzer-elmenhorster-multivit-20-2l\/"},"modified":"2026-05-12T05:15:08","modified_gmt":"2026-05-12T02:15:08","slug":"sulas-dzeriens-elmenhorster-multivitaminu-dzeriens-20-2-l","status":"publish","type":"product","link":"https:\/\/ventspils.citro.lv\/ru\/veikals\/sulas-dzeriens-elmenhorster-multivitaminu-dzeriens-20-2-l\/","title":{"rendered":"Sulas dz\u0113riens Elmenhorster multivitam\u012bnu dz\u0113riens 20% 2 l"},"content":{"rendered":"","protected":false},"excerpt":{"rendered":"<p>1.28 \u20ac\/l<\/p>\n","protected":false},"featured_media":1259049,"template":"","meta":{"_acf_changed":false,"inline_featured_image":false},"product_cat":[106,124],"product_tag":[],"acf":[],"aioseo_notices":[],"_links":{"self":[{"href":"https:\/\/ventspils.citro.lv\/ru\/wp-json\/wp\/v2\/product\/691"}],"collection":[{"href":"https:\/\/ventspils.citro.lv\/ru\/wp-json\/wp\/v2\/product"}],"about":[{"href":"https:\/\/ventspils.citro.lv\/ru\/wp-json\/wp\/v2\/types\/product"}],"wp:featuredmedia":[{"embeddable":true,"href":"https:\/\/ventspils.citro.lv\/ru\/wp-json\/wp\/v2\/media\/1259049"}],"wp:attachment":[{"href":"https:\/\/ventspils.citro.lv\/ru\/wp-json\/wp\/v2\/media?parent=691"}],"wp:term":[{"taxonomy":"product_cat","embeddable":true,"href":"https:\/\/ventspils.citro.lv\/ru\/wp-json\/wp\/v2\/product_cat?post=691"},{"taxonomy":"product_tag","embeddable":true,"href":"https:\/\/ventspils.citro.lv\/ru\/wp-json\/wp\/v2\/product_tag?post=691"}],"curies":[{"name":"wp","href":"https:\/\/api.w.org\/{rel}","templated":true}]}}