{"id":68821,"date":"2026-03-28T01:30:02","date_gmt":"2026-03-27T23:30:02","guid":{"rendered":"https:\/\/ventspils.citro.lv\/veikals\/popkorns-mikrovilnu-blockbuster-ar-sali-99g\/"},"modified":"2026-03-28T01:30:07","modified_gmt":"2026-03-27T23:30:07","slug":"popkorns-mikrovilnu-blockbuster-ar-sali-99g","status":"publish","type":"product","link":"https:\/\/ventspils.citro.lv\/ru\/veikals\/popkorns-mikrovilnu-blockbuster-ar-sali-99g\/","title":{"rendered":"Popkorns mikrovi\u013c\u0146u Blockbuster ar s\u0101li 99g"},"content":{"rendered":"","protected":false},"excerpt":{"rendered":"<p>0.80 \u20ac\/kg<\/p>\n","protected":false},"featured_media":1237228,"template":"","meta":{"_acf_changed":false,"inline_featured_image":false},"product_cat":[228,125],"product_tag":[],"acf":[],"aioseo_notices":[],"_links":{"self":[{"href":"https:\/\/ventspils.citro.lv\/ru\/wp-json\/wp\/v2\/product\/68821"}],"collection":[{"href":"https:\/\/ventspils.citro.lv\/ru\/wp-json\/wp\/v2\/product"}],"about":[{"href":"https:\/\/ventspils.citro.lv\/ru\/wp-json\/wp\/v2\/types\/product"}],"wp:featuredmedia":[{"embeddable":true,"href":"https:\/\/ventspils.citro.lv\/ru\/wp-json\/wp\/v2\/media\/1237228"}],"wp:attachment":[{"href":"https:\/\/ventspils.citro.lv\/ru\/wp-json\/wp\/v2\/media?parent=68821"}],"wp:term":[{"taxonomy":"product_cat","embeddable":true,"href":"https:\/\/ventspils.citro.lv\/ru\/wp-json\/wp\/v2\/product_cat?post=68821"},{"taxonomy":"product_tag","embeddable":true,"href":"https:\/\/ventspils.citro.lv\/ru\/wp-json\/wp\/v2\/product_tag?post=68821"}],"curies":[{"name":"wp","href":"https:\/\/api.w.org\/{rel}","templated":true}]}}