{"id":684056,"date":"2026-04-10T08:42:02","date_gmt":"2026-04-10T05:42:02","guid":{"rendered":"https:\/\/ventspils.citro.lv\/veikals\/sausini-vilnis-ar-kiploku-garsu-flint-90g\/"},"modified":"2026-04-10T08:42:07","modified_gmt":"2026-04-10T05:42:07","slug":"sausini-vilnis-ar-kiploku-garsu-flint-80g","status":"publish","type":"product","link":"https:\/\/ventspils.citro.lv\/ru\/veikals\/sausini-vilnis-ar-kiploku-garsu-flint-80g\/","title":{"rendered":"Sausi\u0146i Vilnis ar \u0137iploku gar\u0161u Flint 80g"},"content":{"rendered":"","protected":false},"excerpt":{"rendered":"<p>11.00 \u20ac\/kg<\/p>\n","protected":false},"featured_media":1243971,"template":"","meta":{"_acf_changed":false,"inline_featured_image":false},"product_cat":[215,218],"product_tag":[],"acf":[],"aioseo_notices":[],"_links":{"self":[{"href":"https:\/\/ventspils.citro.lv\/ru\/wp-json\/wp\/v2\/product\/684056"}],"collection":[{"href":"https:\/\/ventspils.citro.lv\/ru\/wp-json\/wp\/v2\/product"}],"about":[{"href":"https:\/\/ventspils.citro.lv\/ru\/wp-json\/wp\/v2\/types\/product"}],"wp:featuredmedia":[{"embeddable":true,"href":"https:\/\/ventspils.citro.lv\/ru\/wp-json\/wp\/v2\/media\/1243971"}],"wp:attachment":[{"href":"https:\/\/ventspils.citro.lv\/ru\/wp-json\/wp\/v2\/media?parent=684056"}],"wp:term":[{"taxonomy":"product_cat","embeddable":true,"href":"https:\/\/ventspils.citro.lv\/ru\/wp-json\/wp\/v2\/product_cat?post=684056"},{"taxonomy":"product_tag","embeddable":true,"href":"https:\/\/ventspils.citro.lv\/ru\/wp-json\/wp\/v2\/product_tag?post=684056"}],"curies":[{"name":"wp","href":"https:\/\/api.w.org\/{rel}","templated":true}]}}