{"id":684054,"date":"2026-03-31T04:24:40","date_gmt":"2026-03-31T01:24:40","guid":{"rendered":"https:\/\/ventspils.citro.lv\/veikals\/saldejums-mr-big-persiku-marak-un-vanilas-garsu-1-4l-680g\/"},"modified":"2026-04-23T13:17:44","modified_gmt":"2026-04-23T10:17:44","slug":"saldejums-mr-big-persiku-marak-un-vanilas-garsu-1-4l-680g","status":"publish","type":"product","link":"https:\/\/ventspils.citro.lv\/ru\/veikals\/saldejums-mr-big-persiku-marak-un-vanilas-garsu-1-4l-680g\/","title":{"rendered":"Sald\u0113jums Mr.big persiku marak. un vani\u013cas gar\u0161u 1.4L\/680g"},"content":{"rendered":"<p>kr\u0113juma sald\u0113jums 90% (\u016bdens, SALDAIS KR\u0112JUMS, cukurs, V\u0100JPIENA pulveris, SVIESTS, S\u016aKALU pulveris, stabilizatori &#8212; balt\u0101s ak\u0101cijas sve\u0137i, gu\u0101ras sve\u0137i; emulgators &#8212; tauksk\u0101bju mono- un diglicer\u012bdi, aromatiz\u0113t\u0101js \u2013 vani\u013ca, vanil\u012bns), persiku-marakujas pild\u012bjums 10% (cukurs, \u016bdens, glikozes un fruktozes s\u012brups, persiku bieze\u0146a koncentr\u0101ts 12%, citronu sulas koncentr\u0101ts, marakujas sulas koncentr\u0101ts 3%, kukur\u016bzas ciete, biezin\u0101t\u0101js \u2013 pekt\u012bns, aromatiz\u0113t\u0101js, kurkumas un paprikas ekstrakts, p\u0101rtikas kr\u0101sviela &#8212; burk\u0101nu koncentr\u0101ts).<\/p>\n","protected":false},"excerpt":{"rendered":"<p>11.31 \u20ac\/kg<\/p>\n","protected":false},"featured_media":1238333,"template":"","meta":{"_acf_changed":false,"inline_featured_image":false},"product_cat":[233,546],"product_tag":[],"acf":[],"aioseo_notices":[],"_links":{"self":[{"href":"https:\/\/ventspils.citro.lv\/ru\/wp-json\/wp\/v2\/product\/684054"}],"collection":[{"href":"https:\/\/ventspils.citro.lv\/ru\/wp-json\/wp\/v2\/product"}],"about":[{"href":"https:\/\/ventspils.citro.lv\/ru\/wp-json\/wp\/v2\/types\/product"}],"wp:featuredmedia":[{"embeddable":true,"href":"https:\/\/ventspils.citro.lv\/ru\/wp-json\/wp\/v2\/media\/1238333"}],"wp:attachment":[{"href":"https:\/\/ventspils.citro.lv\/ru\/wp-json\/wp\/v2\/media?parent=684054"}],"wp:term":[{"taxonomy":"product_cat","embeddable":true,"href":"https:\/\/ventspils.citro.lv\/ru\/wp-json\/wp\/v2\/product_cat?post=684054"},{"taxonomy":"product_tag","embeddable":true,"href":"https:\/\/ventspils.citro.lv\/ru\/wp-json\/wp\/v2\/product_tag?post=684054"}],"curies":[{"name":"wp","href":"https:\/\/api.w.org\/{rel}","templated":true}]}}