{"id":683975,"date":"2026-04-16T03:04:01","date_gmt":"2026-04-16T00:04:01","guid":{"rendered":"https:\/\/ventspils.citro.lv\/veikals\/mango-zavets-200g\/"},"modified":"2026-04-16T03:04:06","modified_gmt":"2026-04-16T00:04:06","slug":"mango-zavets-alis-co-200g","status":"publish","type":"product","link":"https:\/\/ventspils.citro.lv\/ru\/veikals\/mango-zavets-alis-co-200g\/","title":{"rendered":"Mango \u017e\u0101v\u0113ts Alis Co 200g"},"content":{"rendered":"","protected":false},"excerpt":{"rendered":"<p>24.95 \u20ac\/kg<\/p>\n","protected":false},"featured_media":1246532,"template":"","meta":{"_acf_changed":false,"inline_featured_image":false},"product_cat":[125,199],"product_tag":[],"acf":[],"aioseo_notices":[],"_links":{"self":[{"href":"https:\/\/ventspils.citro.lv\/ru\/wp-json\/wp\/v2\/product\/683975"}],"collection":[{"href":"https:\/\/ventspils.citro.lv\/ru\/wp-json\/wp\/v2\/product"}],"about":[{"href":"https:\/\/ventspils.citro.lv\/ru\/wp-json\/wp\/v2\/types\/product"}],"wp:featuredmedia":[{"embeddable":true,"href":"https:\/\/ventspils.citro.lv\/ru\/wp-json\/wp\/v2\/media\/1246532"}],"wp:attachment":[{"href":"https:\/\/ventspils.citro.lv\/ru\/wp-json\/wp\/v2\/media?parent=683975"}],"wp:term":[{"taxonomy":"product_cat","embeddable":true,"href":"https:\/\/ventspils.citro.lv\/ru\/wp-json\/wp\/v2\/product_cat?post=683975"},{"taxonomy":"product_tag","embeddable":true,"href":"https:\/\/ventspils.citro.lv\/ru\/wp-json\/wp\/v2\/product_tag?post=683975"}],"curies":[{"name":"wp","href":"https:\/\/api.w.org\/{rel}","templated":true}]}}