{"id":683941,"date":"2026-04-28T04:03:14","date_gmt":"2026-04-28T01:03:14","guid":{"rendered":"https:\/\/ventspils.citro.lv\/veikals\/krems-ikru-ar-kupinatu-lasi-vodnij-mir-160g\/"},"modified":"2026-04-28T04:03:25","modified_gmt":"2026-04-28T01:03:25","slug":"krems-ikru-ar-kupinatu-lasi-vodnij-mir-160g","status":"publish","type":"product","link":"https:\/\/ventspils.citro.lv\/ru\/veikals\/krems-ikru-ar-kupinatu-lasi-vodnij-mir-160g\/","title":{"rendered":"Kr\u0113ms ikru ar k\u016bpin\u0101tu lasi\u00a0Vodnij mir 160g"},"content":{"rendered":"","protected":false},"excerpt":{"rendered":"<p>16.56 \u20ac\/kg<\/p>\n","protected":false},"featured_media":1254478,"template":"","meta":{"_acf_changed":false,"inline_featured_image":false},"product_cat":[559,135],"product_tag":[],"acf":[],"aioseo_notices":[],"_links":{"self":[{"href":"https:\/\/ventspils.citro.lv\/ru\/wp-json\/wp\/v2\/product\/683941"}],"collection":[{"href":"https:\/\/ventspils.citro.lv\/ru\/wp-json\/wp\/v2\/product"}],"about":[{"href":"https:\/\/ventspils.citro.lv\/ru\/wp-json\/wp\/v2\/types\/product"}],"wp:featuredmedia":[{"embeddable":true,"href":"https:\/\/ventspils.citro.lv\/ru\/wp-json\/wp\/v2\/media\/1254478"}],"wp:attachment":[{"href":"https:\/\/ventspils.citro.lv\/ru\/wp-json\/wp\/v2\/media?parent=683941"}],"wp:term":[{"taxonomy":"product_cat","embeddable":true,"href":"https:\/\/ventspils.citro.lv\/ru\/wp-json\/wp\/v2\/product_cat?post=683941"},{"taxonomy":"product_tag","embeddable":true,"href":"https:\/\/ventspils.citro.lv\/ru\/wp-json\/wp\/v2\/product_tag?post=683941"}],"curies":[{"name":"wp","href":"https:\/\/api.w.org\/{rel}","templated":true}]}}