{"id":681849,"date":"2026-03-28T02:18:52","date_gmt":"2026-03-28T00:18:52","guid":{"rendered":"https:\/\/ventspils.citro.lv\/veikals\/salati-vidzemes-citro-300-g\/"},"modified":"2026-03-28T02:19:03","modified_gmt":"2026-03-28T00:19:03","slug":"salati-vidzemes-citro-300-g","status":"publish","type":"product","link":"https:\/\/ventspils.citro.lv\/ru\/veikals\/salati-vidzemes-citro-300-g\/","title":{"rendered":"Sal\u0101ti Vidzemes Citro 300 g"},"content":{"rendered":"<p>Sast\u0101vda\u013cas:  kartupe\u013ci,  gur\u0137i marin\u0113ti (gur\u0137i, \u016bdens, v\u012bna eti\u0137is, s\u0101ls, gar\u0161vielas (dilles, s\u012bpoli, SINEPJU s\u0113klas, piparu graudi\u0146i), konservants: E211,  dab\u012bgs aromatiz\u0113t\u0101js, saldin\u0101t\u0101js: E954), majon\u0113ze (rap\u0161u e\u013c\u013ca, \u016bdens, OLU pulveris, V\u0100JPIENA pulveris, cukurs, s\u0101ls, sk\u0101buma regul\u0113t\u0101ji (eti\u0137sk\u0101be, citronsk\u0101be), kr\u0101sviela (beta karot\u012bns), konservants (k\u0101lija sorb\u0101ts), biezin\u0101t\u0101ji (modific\u0113ta ciete, gu\u0101ra sve\u0137i, ksant\u0101na sve\u0137i)),  salami desa ( ga\u013ca 75% (c\u016bkga\u013ca 39%, c\u016bku spe\u0137is 21%, c\u0101\u013cu ga\u013ca 15%), vistu meh\u0101niski atdal\u012bta ga\u013ca, \u016bdens, s\u0101ls, konservants E250, kartupe\u013cu ciete, PIENA s\u016bkalas, stabiliz\u0113t\u0101js E451, sk\u0101buma regul\u0113t\u0101js E575, c\u016bku olbaltumviela 0.3%, c\u016bku hemoglob\u012bns dekstroze, kr\u0101sviela E120, aromatiz\u0113t\u0101js, gar\u0161as pastiprin\u0101t\u0101js E621, antioksidants E316), puravi,  \u0101bols, p\u0101rtikas s\u0101ls, SINEPES (\u016bdens, SINEPJU pulveris 24,9%, cukurs, rap\u0161u e\u013c\u013ca, s\u0101ls, sk\u0101buma regul\u0113t\u0101js (eti\u0137sk\u0101be), citrusaug\u013cu \u0161\u0137iedra, gar\u0161vielas ).100 g produkta satur:  ener\u0123\u0113tisk\u0101 v\u0113rt\u012bba 622 KJ\/150 kcal,  tauki 11g, tostarp pies\u0101tin\u0101t\u0101s tauksk\u0101bes 1,7g, og\u013chidr\u0101ti 7,9g tostarp cukurs 1,3g, \u0161\u0137iedrvielas 0,8g, olbaltumvielas 3,5g, s\u0101ls 1,1g.Uzglab\u0101\u0161anas temperat\u016bra : +2\u2026+6 C. Izlietot l\u012bdz: nor\u0101d\u012bts uz iepakojuma. Ra\u017eot\u0101js: SIA Di\u0101na Bistro,Lielais pr.-26,  Ventspils.<\/p>\n","protected":false},"excerpt":{"rendered":"<p>6.30 \u20ac\/kg<\/p>\n","protected":false},"featured_media":1237428,"template":"","meta":{"_acf_changed":false,"inline_featured_image":false},"product_cat":[113,212],"product_tag":[],"acf":[],"aioseo_notices":[],"_links":{"self":[{"href":"https:\/\/ventspils.citro.lv\/ru\/wp-json\/wp\/v2\/product\/681849"}],"collection":[{"href":"https:\/\/ventspils.citro.lv\/ru\/wp-json\/wp\/v2\/product"}],"about":[{"href":"https:\/\/ventspils.citro.lv\/ru\/wp-json\/wp\/v2\/types\/product"}],"wp:featuredmedia":[{"embeddable":true,"href":"https:\/\/ventspils.citro.lv\/ru\/wp-json\/wp\/v2\/media\/1237428"}],"wp:attachment":[{"href":"https:\/\/ventspils.citro.lv\/ru\/wp-json\/wp\/v2\/media?parent=681849"}],"wp:term":[{"taxonomy":"product_cat","embeddable":true,"href":"https:\/\/ventspils.citro.lv\/ru\/wp-json\/wp\/v2\/product_cat?post=681849"},{"taxonomy":"product_tag","embeddable":true,"href":"https:\/\/ventspils.citro.lv\/ru\/wp-json\/wp\/v2\/product_tag?post=681849"}],"curies":[{"name":"wp","href":"https:\/\/api.w.org\/{rel}","templated":true}]}}