{"id":679092,"date":"2026-04-28T02:12:02","date_gmt":"2026-04-27T23:12:02","guid":{"rendered":"https:\/\/ventspils.citro.lv\/veikals\/salvetes-kosmetikas-zewa-family-kastite-3slani-90gb\/"},"modified":"2026-04-28T02:12:08","modified_gmt":"2026-04-27T23:12:08","slug":"salvetes-kosmetikas-zewa-family-kastite-3slani-90gb","status":"publish","type":"product","link":"https:\/\/ventspils.citro.lv\/ru\/veikals\/salvetes-kosmetikas-zewa-family-kastite-3slani-90gb\/","title":{"rendered":"Salvetes kosm\u0113tikas Zewa Family kast\u012bt\u0113 3sl\u0101\u0146i 90gb"},"content":{"rendered":"","protected":false},"excerpt":{"rendered":"<p>0.03 \u20ac\/gb<\/p>\n","protected":false},"featured_media":1253997,"template":"","meta":{"_acf_changed":false,"inline_featured_image":false},"product_cat":[131,163],"product_tag":[],"acf":[],"aioseo_notices":[],"_links":{"self":[{"href":"https:\/\/ventspils.citro.lv\/ru\/wp-json\/wp\/v2\/product\/679092"}],"collection":[{"href":"https:\/\/ventspils.citro.lv\/ru\/wp-json\/wp\/v2\/product"}],"about":[{"href":"https:\/\/ventspils.citro.lv\/ru\/wp-json\/wp\/v2\/types\/product"}],"wp:featuredmedia":[{"embeddable":true,"href":"https:\/\/ventspils.citro.lv\/ru\/wp-json\/wp\/v2\/media\/1253997"}],"wp:attachment":[{"href":"https:\/\/ventspils.citro.lv\/ru\/wp-json\/wp\/v2\/media?parent=679092"}],"wp:term":[{"taxonomy":"product_cat","embeddable":true,"href":"https:\/\/ventspils.citro.lv\/ru\/wp-json\/wp\/v2\/product_cat?post=679092"},{"taxonomy":"product_tag","embeddable":true,"href":"https:\/\/ventspils.citro.lv\/ru\/wp-json\/wp\/v2\/product_tag?post=679092"}],"curies":[{"name":"wp","href":"https:\/\/api.w.org\/{rel}","templated":true}]}}