{"id":679,"date":"2026-05-12T03:18:02","date_gmt":"2026-05-12T00:18:02","guid":{"rendered":"http:\/\/cvent.dev.wmc.lv\/ventspils\/veikals\/konservi-zivju-skumbrijas-tomatu-merce-240g-eo-kaija\/"},"modified":"2026-05-12T03:18:13","modified_gmt":"2026-05-12T00:18:13","slug":"skumbrija-tomatu-merce-240g-eo-kaija","status":"publish","type":"product","link":"https:\/\/ventspils.citro.lv\/ru\/veikals\/skumbrija-tomatu-merce-240g-eo-kaija\/","title":{"rendered":"Skumbrija tom\u0101tu m\u0113rc\u0113 240g EO Kaija"},"content":{"rendered":"","protected":false},"excerpt":{"rendered":"<p>11.04 \u20ac\/kg<\/p>\n","protected":false},"featured_media":1258523,"template":"","meta":{"_acf_changed":false,"inline_featured_image":false},"product_cat":[540,135],"product_tag":[],"acf":[],"aioseo_notices":[],"_links":{"self":[{"href":"https:\/\/ventspils.citro.lv\/ru\/wp-json\/wp\/v2\/product\/679"}],"collection":[{"href":"https:\/\/ventspils.citro.lv\/ru\/wp-json\/wp\/v2\/product"}],"about":[{"href":"https:\/\/ventspils.citro.lv\/ru\/wp-json\/wp\/v2\/types\/product"}],"wp:featuredmedia":[{"embeddable":true,"href":"https:\/\/ventspils.citro.lv\/ru\/wp-json\/wp\/v2\/media\/1258523"}],"wp:attachment":[{"href":"https:\/\/ventspils.citro.lv\/ru\/wp-json\/wp\/v2\/media?parent=679"}],"wp:term":[{"taxonomy":"product_cat","embeddable":true,"href":"https:\/\/ventspils.citro.lv\/ru\/wp-json\/wp\/v2\/product_cat?post=679"},{"taxonomy":"product_tag","embeddable":true,"href":"https:\/\/ventspils.citro.lv\/ru\/wp-json\/wp\/v2\/product_tag?post=679"}],"curies":[{"name":"wp","href":"https:\/\/api.w.org\/{rel}","templated":true}]}}