{"id":676293,"date":"2026-04-10T08:39:14","date_gmt":"2026-04-10T05:39:14","guid":{"rendered":"https:\/\/ventspils.citro.lv\/veikals\/cipsi-lays-ar-krejuma-un-zalo-locinu-200g\/"},"modified":"2026-04-10T10:18:46","modified_gmt":"2026-04-10T07:18:46","slug":"cipsi-lays-ar-krejuma-un-zalo-locinu-200g","status":"publish","type":"product","link":"https:\/\/ventspils.citro.lv\/ru\/veikals\/cipsi-lays-ar-krejuma-un-zalo-locinu-200g\/","title":{"rendered":"\u010cipsi Lay&#8217;s ar kr\u0113juma un za\u013co loci\u0146u 200g"},"content":{"rendered":"","protected":false},"excerpt":{"rendered":"<p>9.95 \u20ac\/kg<\/p>\n","protected":false},"featured_media":1243960,"template":"","meta":{"_acf_changed":false,"inline_featured_image":false},"product_cat":[125,191],"product_tag":[],"acf":[],"aioseo_notices":[],"_links":{"self":[{"href":"https:\/\/ventspils.citro.lv\/ru\/wp-json\/wp\/v2\/product\/676293"}],"collection":[{"href":"https:\/\/ventspils.citro.lv\/ru\/wp-json\/wp\/v2\/product"}],"about":[{"href":"https:\/\/ventspils.citro.lv\/ru\/wp-json\/wp\/v2\/types\/product"}],"wp:featuredmedia":[{"embeddable":true,"href":"https:\/\/ventspils.citro.lv\/ru\/wp-json\/wp\/v2\/media\/1243960"}],"wp:attachment":[{"href":"https:\/\/ventspils.citro.lv\/ru\/wp-json\/wp\/v2\/media?parent=676293"}],"wp:term":[{"taxonomy":"product_cat","embeddable":true,"href":"https:\/\/ventspils.citro.lv\/ru\/wp-json\/wp\/v2\/product_cat?post=676293"},{"taxonomy":"product_tag","embeddable":true,"href":"https:\/\/ventspils.citro.lv\/ru\/wp-json\/wp\/v2\/product_tag?post=676293"}],"curies":[{"name":"wp","href":"https:\/\/api.w.org\/{rel}","templated":true}]}}