{"id":676283,"date":"2026-03-31T04:24:02","date_gmt":"2026-03-31T01:24:02","guid":{"rendered":"https:\/\/ventspils.citro.lv\/veikals\/pudins-krejuma-baltais-ar-tropu-augliem-150g\/"},"modified":"2026-03-31T04:24:07","modified_gmt":"2026-03-31T01:24:07","slug":"pudins-krejuma-baltais-ar-tropu-augliem-150g","status":"publish","type":"product","link":"https:\/\/ventspils.citro.lv\/ru\/veikals\/pudins-krejuma-baltais-ar-tropu-augliem-150g\/","title":{"rendered":"Pudi\u0146\u0161 kr\u0113juma Baltais ar tropu aug\u013ciem 150g"},"content":{"rendered":"","protected":false},"excerpt":{"rendered":"<p>5.93 \u20ac\/kg<\/p>\n","protected":false},"featured_media":1238327,"template":"","meta":{"_acf_changed":false,"inline_featured_image":false},"product_cat":[95,188],"product_tag":[],"acf":[],"aioseo_notices":[],"_links":{"self":[{"href":"https:\/\/ventspils.citro.lv\/ru\/wp-json\/wp\/v2\/product\/676283"}],"collection":[{"href":"https:\/\/ventspils.citro.lv\/ru\/wp-json\/wp\/v2\/product"}],"about":[{"href":"https:\/\/ventspils.citro.lv\/ru\/wp-json\/wp\/v2\/types\/product"}],"wp:featuredmedia":[{"embeddable":true,"href":"https:\/\/ventspils.citro.lv\/ru\/wp-json\/wp\/v2\/media\/1238327"}],"wp:attachment":[{"href":"https:\/\/ventspils.citro.lv\/ru\/wp-json\/wp\/v2\/media?parent=676283"}],"wp:term":[{"taxonomy":"product_cat","embeddable":true,"href":"https:\/\/ventspils.citro.lv\/ru\/wp-json\/wp\/v2\/product_cat?post=676283"},{"taxonomy":"product_tag","embeddable":true,"href":"https:\/\/ventspils.citro.lv\/ru\/wp-json\/wp\/v2\/product_tag?post=676283"}],"curies":[{"name":"wp","href":"https:\/\/api.w.org\/{rel}","templated":true}]}}