{"id":676282,"date":"2026-03-31T04:21:59","date_gmt":"2026-03-31T01:21:59","guid":{"rendered":"https:\/\/ventspils.citro.lv\/veikals\/pudins-krejuma-baltais-ar-saldajiem-kirsiem-150g\/"},"modified":"2026-03-31T04:22:09","modified_gmt":"2026-03-31T01:22:09","slug":"pudins-krejuma-baltais-ar-saldajiem-kirsiem-150g","status":"publish","type":"product","link":"https:\/\/ventspils.citro.lv\/ru\/veikals\/pudins-krejuma-baltais-ar-saldajiem-kirsiem-150g\/","title":{"rendered":"Pudi\u0146\u0161 kr\u0113juma Baltais ar saldajiem \u0137ir\u0161iem 150g"},"content":{"rendered":"","protected":false},"excerpt":{"rendered":"<p>5.93 \u20ac\/kg<\/p>\n","protected":false},"featured_media":1238326,"template":"","meta":{"_acf_changed":false,"inline_featured_image":false},"product_cat":[95,188],"product_tag":[],"acf":[],"aioseo_notices":[],"_links":{"self":[{"href":"https:\/\/ventspils.citro.lv\/ru\/wp-json\/wp\/v2\/product\/676282"}],"collection":[{"href":"https:\/\/ventspils.citro.lv\/ru\/wp-json\/wp\/v2\/product"}],"about":[{"href":"https:\/\/ventspils.citro.lv\/ru\/wp-json\/wp\/v2\/types\/product"}],"wp:featuredmedia":[{"embeddable":true,"href":"https:\/\/ventspils.citro.lv\/ru\/wp-json\/wp\/v2\/media\/1238326"}],"wp:attachment":[{"href":"https:\/\/ventspils.citro.lv\/ru\/wp-json\/wp\/v2\/media?parent=676282"}],"wp:term":[{"taxonomy":"product_cat","embeddable":true,"href":"https:\/\/ventspils.citro.lv\/ru\/wp-json\/wp\/v2\/product_cat?post=676282"},{"taxonomy":"product_tag","embeddable":true,"href":"https:\/\/ventspils.citro.lv\/ru\/wp-json\/wp\/v2\/product_tag?post=676282"}],"curies":[{"name":"wp","href":"https:\/\/api.w.org\/{rel}","templated":true}]}}