{"id":676281,"date":"2026-05-09T01:21:40","date_gmt":"2026-05-08T22:21:40","guid":{"rendered":"https:\/\/ventspils.citro.lv\/veikals\/pudins-krejuma-baltais-ar-bruna-karameli-150g\/"},"modified":"2026-05-09T16:54:16","modified_gmt":"2026-05-09T13:54:16","slug":"pudins-krejuma-baltais-ar-bruno-karameli-150g","status":"publish","type":"product","link":"https:\/\/ventspils.citro.lv\/ru\/veikals\/pudins-krejuma-baltais-ar-bruno-karameli-150g\/","title":{"rendered":"Pudi\u0146\u0161 kr\u0113juma Baltais ar br\u016bno karameli 150g"},"content":{"rendered":"","protected":false},"excerpt":{"rendered":"<p>5.93 \u20ac\/kg<\/p>\n","protected":false},"featured_media":1258191,"template":"","meta":{"_acf_changed":false,"inline_featured_image":false},"product_cat":[95,188],"product_tag":[],"acf":[],"aioseo_notices":[],"_links":{"self":[{"href":"https:\/\/ventspils.citro.lv\/ru\/wp-json\/wp\/v2\/product\/676281"}],"collection":[{"href":"https:\/\/ventspils.citro.lv\/ru\/wp-json\/wp\/v2\/product"}],"about":[{"href":"https:\/\/ventspils.citro.lv\/ru\/wp-json\/wp\/v2\/types\/product"}],"wp:featuredmedia":[{"embeddable":true,"href":"https:\/\/ventspils.citro.lv\/ru\/wp-json\/wp\/v2\/media\/1258191"}],"wp:attachment":[{"href":"https:\/\/ventspils.citro.lv\/ru\/wp-json\/wp\/v2\/media?parent=676281"}],"wp:term":[{"taxonomy":"product_cat","embeddable":true,"href":"https:\/\/ventspils.citro.lv\/ru\/wp-json\/wp\/v2\/product_cat?post=676281"},{"taxonomy":"product_tag","embeddable":true,"href":"https:\/\/ventspils.citro.lv\/ru\/wp-json\/wp\/v2\/product_tag?post=676281"}],"curies":[{"name":"wp","href":"https:\/\/api.w.org\/{rel}","templated":true}]}}