{"id":675229,"date":"2025-11-25T03:22:00","date_gmt":"2025-11-25T01:22:00","guid":{"rendered":"https:\/\/ventspils.citro.lv\/veikals\/sauteti-kaposti-ar-desinu-citro-400g\/"},"modified":"2026-04-28T23:10:53","modified_gmt":"2026-04-28T20:10:53","slug":"friteti-kartupeli-ar-stovetiem-kapostiem-un-desinu-400g","status":"publish","type":"product","link":"https:\/\/ventspils.citro.lv\/ru\/veikals\/friteti-kartupeli-ar-stovetiem-kapostiem-un-desinu-400g\/","title":{"rendered":"Frit\u0113ti kartupe\u013ci ar \u0161tov\u0113tiem k\u0101postiem un desi\u0146u 400g"},"content":{"rendered":"<p>Sast\u0101vda\u013cas: saut\u0113ti  k\u0101posti 37,5% (k\u0101posti, k\u0101posti sk\u0101b\u0113ti, burk\u0101ni, s\u012bpoli, tom\u0101tu pasta, \u016bdens, cukurs, augu e\u013c\u013ca, \u0137iploki,  s\u0101ls, m. pipari), kartupe\u013ci cepti 37,5% (kartupe\u013ci, augu e\u013c\u013ca, gar\u0161viela univers\u0101l\u0101 s\u0101ls (63,2%), kalt\u0113ti d\u0101rze\u0146i (16,26%): burk\u0101ni, pastinaks, p\u0113ters\u012b\u013ci, s\u012bpoli, dilles, SELERIJA, tom\u0101ts, \u0137iploki, paprika:  cukurs, gar\u0161as pastiprin\u0101t\u0101js: monon\u0101trija glutam\u0101ts; kurkuma, melni pipari, augu prote\u012bna hidroliz\u0101ts, rap\u0161u e\u013c\u013ca,  kr\u0101sviela: riboflav\u012bns), desi\u0146a 25% (vistu meh. atdal\u012bta ga\u013ca, c\u016bku spe\u0137is, sojas olbalt.v., c\u016bku sirds, c\u016bku ga\u013ca, liellopu ga\u013ca, kartupe\u013cu ciete, konservants E250, sinepes, c\u016bku asins plazma, gar\u0161vielas, gar\u0161vielu ekstrakts, stabiliz\u0113t\u0101js E451, gar\u0161as pastiprin\u0101t\u0101js E621, kr\u0101sviela E120, dekstroze, antioksidants E316, c\u016bku hemoglob\u012bns).100 g produkta satur: ener\u0123.v\u0113rt. 635KJ\/152kcal, tauki 9,4 g, tostarp pies\u0101tin\u0101t\u0101s  tauksk\u0101bes 2,2 g, og\u013chidr\u0101ti 10,8 g, tostarp cukurs 0,6 g, \u0161\u0137iedrvielas 0,6 g, olbaltumvielas 4,6 g, s\u0101ls 1,2 g. Uzglab\u0101\u0161anas temperat\u016bra : +2\u2026+6 C. Izlietot l\u012bdz: nor\u0101d\u012bts uz iepakojuma. Pirms uzsild\u012b\u0161anas no\u0146emt v\u0101ci\u0146u,  kars\u0113\u0161ana l\u012bdz +70\u00b0C, ne ilg\u0101k k\u0101 2 stundas,  kars\u0113jot l\u012bdz +100\u00b0C, ne ilg\u0101k k\u0101 15 min\u016btes .  Ieteicamais maksim\u0101lais sild\u012b\u0161anas laiks 3 min\u016btes ar maksim\u0101lo 850 vatu mikrovi\u013c\u0146u kr\u0101sn\u012b. Ra\u017eot\u0101js: SIA Di\u0101na Bistro, Andreja iela 5, Ventspils.<\/p>\n","protected":false},"excerpt":{"rendered":"<p>6.48 \u20ac\/kg<\/p>\n","protected":false},"featured_media":1165468,"template":"","meta":{"_acf_changed":false,"inline_featured_image":false},"product_cat":[113,222],"product_tag":[],"acf":[],"aioseo_notices":[],"_links":{"self":[{"href":"https:\/\/ventspils.citro.lv\/ru\/wp-json\/wp\/v2\/product\/675229"}],"collection":[{"href":"https:\/\/ventspils.citro.lv\/ru\/wp-json\/wp\/v2\/product"}],"about":[{"href":"https:\/\/ventspils.citro.lv\/ru\/wp-json\/wp\/v2\/types\/product"}],"wp:featuredmedia":[{"embeddable":true,"href":"https:\/\/ventspils.citro.lv\/ru\/wp-json\/wp\/v2\/media\/1165468"}],"wp:attachment":[{"href":"https:\/\/ventspils.citro.lv\/ru\/wp-json\/wp\/v2\/media?parent=675229"}],"wp:term":[{"taxonomy":"product_cat","embeddable":true,"href":"https:\/\/ventspils.citro.lv\/ru\/wp-json\/wp\/v2\/product_cat?post=675229"},{"taxonomy":"product_tag","embeddable":true,"href":"https:\/\/ventspils.citro.lv\/ru\/wp-json\/wp\/v2\/product_tag?post=675229"}],"curies":[{"name":"wp","href":"https:\/\/api.w.org\/{rel}","templated":true}]}}