{"id":675228,"date":"2026-03-28T02:30:02","date_gmt":"2026-03-28T00:30:02","guid":{"rendered":"https:\/\/ventspils.citro.lv\/veikals\/kartupelu-biezputra-ar-gulasa-merci-citro-400g\/"},"modified":"2026-04-26T11:19:10","modified_gmt":"2026-04-26T08:19:10","slug":"kartupelu-biezenis-ar-gulasu-citro-400g","status":"publish","type":"product","link":"https:\/\/ventspils.citro.lv\/ru\/veikals\/kartupelu-biezenis-ar-gulasu-citro-400g\/","title":{"rendered":"Kartupe\u013cu biezenis ar gula\u0161u Citro 400g"},"content":{"rendered":"<p>Sast\u0101vda\u013cas: gula\u0161s 50 % (c\u016bkga\u013ca, ke\u010dups (\u016bdens, tom\u0101tu pasta 25 %, kartupe\u013cu ciete modific\u0113ta, eti\u0137is, s\u0101ls, cukurs, konservanti-k\u0101lija sorb\u0101ts, n\u0101trija benzo\u0101ts, citronsk\u0101be, saldin\u0101t\u0101js-aspart\u0101ms. Satur fenilalan\u012bna avotu), KVIE\u0160U milti, augu e\u013c\u013ca, \u0137iploki, gar\u0161v. c\u016bkga\u013cai (s\u0101ls (49%), s\u012bpoli drupin\u0101ti, m. pipari, sald\u0101 paprika, gar\u0161as pastipr. n\u0101trija glutam\u0101ts, \u0137iploki, as\u0101 paprika, cukurs, ingvers, muskatrieksti, pretsalipes viela E551)), kartupe\u013cu biezputra 50% ( kartupe\u013ci, PIENS, margar\u012bns (augu tauki (palmu, kokosa), rap\u0161u e\u013c\u013ca, emulgators E471, sk\u0101buma regul\u0113t\u0101js E330, dab\u012bgs aromatiz\u0113t\u0101js, p\u0101rt. kr\u0101sviela E160a), s\u0101ls). 100 g produkta  satur : ener\u0123\u0113tisk\u0101 v\u0113rt\u012bba: 544KJ\/130kcal, tauki 6,3 g, tostarp pies\u0101tin\u0101t\u0101s  tauksk\u0101bes 2,5 g, og\u013chidr\u0101ti 9,7 g, tostarp cukurs 1,9 g, \u0161\u0137iedrvielas 0,5 g, olbaltumvielas 8,1 g, s\u0101ls 0,8 g. Uzglab\u0101\u0161anas temperat\u016bra : +2\u2026+6 C. Izlietot l\u012bdz: nor\u0101d\u012bts uz iepakojuma. Pirms uzsild\u012b\u0161anas no\u0146emt v\u0101ci\u0146u,  kars\u0113\u0161ana l\u012bdz +70\u00b0C, ne ilg\u0101k k\u0101 2 stundas,  kars\u0113jot l\u012bdz +100\u00b0C, ne ilg\u0101k k\u0101 15 min\u016btes. Ieteicamais maksim\u0101lais sild\u012b\u0161anas laiks 3 min\u016btes ar maksim\u0101lo 850 vatu mikrovi\u013c\u0146u kr\u0101sn\u012b. Ra\u017eot\u0101js: SIA Di\u0101na Bistro, Andreja iela 5, Ventspils.<\/p>\n","protected":false},"excerpt":{"rendered":"<p>8.98 \u20ac\/kg<\/p>\n","protected":false},"featured_media":1237463,"template":"","meta":{"_acf_changed":false,"inline_featured_image":false},"product_cat":[113,222],"product_tag":[],"acf":[],"aioseo_notices":[],"_links":{"self":[{"href":"https:\/\/ventspils.citro.lv\/ru\/wp-json\/wp\/v2\/product\/675228"}],"collection":[{"href":"https:\/\/ventspils.citro.lv\/ru\/wp-json\/wp\/v2\/product"}],"about":[{"href":"https:\/\/ventspils.citro.lv\/ru\/wp-json\/wp\/v2\/types\/product"}],"wp:featuredmedia":[{"embeddable":true,"href":"https:\/\/ventspils.citro.lv\/ru\/wp-json\/wp\/v2\/media\/1237463"}],"wp:attachment":[{"href":"https:\/\/ventspils.citro.lv\/ru\/wp-json\/wp\/v2\/media?parent=675228"}],"wp:term":[{"taxonomy":"product_cat","embeddable":true,"href":"https:\/\/ventspils.citro.lv\/ru\/wp-json\/wp\/v2\/product_cat?post=675228"},{"taxonomy":"product_tag","embeddable":true,"href":"https:\/\/ventspils.citro.lv\/ru\/wp-json\/wp\/v2\/product_tag?post=675228"}],"curies":[{"name":"wp","href":"https:\/\/api.w.org\/{rel}","templated":true}]}}