{"id":675,"date":"2026-04-11T01:06:52","date_gmt":"2026-04-10T22:06:52","guid":{"rendered":"http:\/\/cvent.dev.wmc.lv\/ventspils\/veikals\/silkes-fileja-columbus-mazsalita-240g\/"},"modified":"2026-04-22T17:21:30","modified_gmt":"2026-04-22T14:21:30","slug":"silkes-fileja-mazsalita-columbus-240g-180g","status":"publish","type":"product","link":"https:\/\/ventspils.citro.lv\/ru\/veikals\/silkes-fileja-mazsalita-columbus-240g-180g\/","title":{"rendered":"Si\u013c\u0137es fileja mazs\u0101l\u012bta Columbus 240g\/180g"},"content":{"rendered":"","protected":false},"excerpt":{"rendered":"<p>11.04 \u20ac\/kg<\/p>\n","protected":false},"featured_media":1244498,"template":"","meta":{"_acf_changed":false,"inline_featured_image":false},"product_cat":[545,135],"product_tag":[],"acf":[],"aioseo_notices":[],"_links":{"self":[{"href":"https:\/\/ventspils.citro.lv\/ru\/wp-json\/wp\/v2\/product\/675"}],"collection":[{"href":"https:\/\/ventspils.citro.lv\/ru\/wp-json\/wp\/v2\/product"}],"about":[{"href":"https:\/\/ventspils.citro.lv\/ru\/wp-json\/wp\/v2\/types\/product"}],"wp:featuredmedia":[{"embeddable":true,"href":"https:\/\/ventspils.citro.lv\/ru\/wp-json\/wp\/v2\/media\/1244498"}],"wp:attachment":[{"href":"https:\/\/ventspils.citro.lv\/ru\/wp-json\/wp\/v2\/media?parent=675"}],"wp:term":[{"taxonomy":"product_cat","embeddable":true,"href":"https:\/\/ventspils.citro.lv\/ru\/wp-json\/wp\/v2\/product_cat?post=675"},{"taxonomy":"product_tag","embeddable":true,"href":"https:\/\/ventspils.citro.lv\/ru\/wp-json\/wp\/v2\/product_tag?post=675"}],"curies":[{"name":"wp","href":"https:\/\/api.w.org\/{rel}","templated":true}]}}