{"id":672919,"date":"2026-04-18T01:42:48","date_gmt":"2026-04-17T22:42:48","guid":{"rendered":"https:\/\/ventspils.citro.lv\/veikals\/piens-iebiezinatais-dovgan-varits-karamelizets-370g\/"},"modified":"2026-04-18T01:42:58","modified_gmt":"2026-04-17T22:42:58","slug":"piens-iebiezinatais-dovgan-varits-karamelizets-370g","status":"publish","type":"product","link":"https:\/\/ventspils.citro.lv\/ru\/veikals\/piens-iebiezinatais-dovgan-varits-karamelizets-370g\/","title":{"rendered":"Piens iebiezin\u0101tais Dovgan v\u0101r\u012bts karameliz\u0113ts 370g"},"content":{"rendered":"","protected":false},"excerpt":{"rendered":"<p>6.46 \u20ac\/kg<\/p>\n","protected":false},"featured_media":1247173,"template":"","meta":{"_acf_changed":false,"inline_featured_image":false},"product_cat":[95,166],"product_tag":[],"acf":[],"aioseo_notices":[],"_links":{"self":[{"href":"https:\/\/ventspils.citro.lv\/ru\/wp-json\/wp\/v2\/product\/672919"}],"collection":[{"href":"https:\/\/ventspils.citro.lv\/ru\/wp-json\/wp\/v2\/product"}],"about":[{"href":"https:\/\/ventspils.citro.lv\/ru\/wp-json\/wp\/v2\/types\/product"}],"wp:featuredmedia":[{"embeddable":true,"href":"https:\/\/ventspils.citro.lv\/ru\/wp-json\/wp\/v2\/media\/1247173"}],"wp:attachment":[{"href":"https:\/\/ventspils.citro.lv\/ru\/wp-json\/wp\/v2\/media?parent=672919"}],"wp:term":[{"taxonomy":"product_cat","embeddable":true,"href":"https:\/\/ventspils.citro.lv\/ru\/wp-json\/wp\/v2\/product_cat?post=672919"},{"taxonomy":"product_tag","embeddable":true,"href":"https:\/\/ventspils.citro.lv\/ru\/wp-json\/wp\/v2\/product_tag?post=672919"}],"curies":[{"name":"wp","href":"https:\/\/api.w.org\/{rel}","templated":true}]}}