{"id":67111,"date":"2026-04-10T03:16:26","date_gmt":"2026-04-10T00:16:26","guid":{"rendered":"https:\/\/ventspils.citro.lv\/veikals\/piradzini-speka-citro-gb-2\/"},"modified":"2026-05-04T11:25:30","modified_gmt":"2026-05-04T08:25:30","slug":"piradzini-speka-citro-gb","status":"publish","type":"product","link":"https:\/\/ventspils.citro.lv\/ru\/veikals\/piradzini-speka-citro-gb\/","title":{"rendered":"P\u012br\u0101dzi\u0146i spe\u0137a Citro gb"},"content":{"rendered":"<p>Rauga m\u012bkla(KVIE\u0160U MILTI, OLAS), k\u016bpin\u0101ts spe\u0137is,s\u012bpoli, melnie pipari,OLAS.Uzglab\u0101sanas tempr istabas.Ra\u017eot\u0101js Sia Di\u0101na Bistro<\/p>\n","protected":false},"excerpt":{"rendered":"<p>0.35 \u20ac\/gb<\/p>\n","protected":false},"featured_media":1242535,"template":"","meta":{"_acf_changed":false,"inline_featured_image":false},"product_cat":[109,110],"product_tag":[],"acf":[],"aioseo_notices":[],"_links":{"self":[{"href":"https:\/\/ventspils.citro.lv\/ru\/wp-json\/wp\/v2\/product\/67111"}],"collection":[{"href":"https:\/\/ventspils.citro.lv\/ru\/wp-json\/wp\/v2\/product"}],"about":[{"href":"https:\/\/ventspils.citro.lv\/ru\/wp-json\/wp\/v2\/types\/product"}],"wp:featuredmedia":[{"embeddable":true,"href":"https:\/\/ventspils.citro.lv\/ru\/wp-json\/wp\/v2\/media\/1242535"}],"wp:attachment":[{"href":"https:\/\/ventspils.citro.lv\/ru\/wp-json\/wp\/v2\/media?parent=67111"}],"wp:term":[{"taxonomy":"product_cat","embeddable":true,"href":"https:\/\/ventspils.citro.lv\/ru\/wp-json\/wp\/v2\/product_cat?post=67111"},{"taxonomy":"product_tag","embeddable":true,"href":"https:\/\/ventspils.citro.lv\/ru\/wp-json\/wp\/v2\/product_tag?post=67111"}],"curies":[{"name":"wp","href":"https:\/\/api.w.org\/{rel}","templated":true}]}}