{"id":671,"date":"2026-05-12T05:15:29","date_gmt":"2026-05-12T02:15:29","guid":{"rendered":"http:\/\/cvent.dev.wmc.lv\/ventspils\/veikals\/zefirs-maigums-ar-rigas-m-balz-upenu-p-185g-davana\/"},"modified":"2026-05-12T05:15:34","modified_gmt":"2026-05-12T02:15:34","slug":"zefirs-maigums-ar-rigas-balz-upenu-pild-185g","status":"publish","type":"product","link":"https:\/\/ventspils.citro.lv\/ru\/veikals\/zefirs-maigums-ar-rigas-balz-upenu-pild-185g\/","title":{"rendered":"Zef\u012brs Maigums ar R\u012bgas Balz.upe\u0146u pild.185g"},"content":{"rendered":"","protected":false},"excerpt":{"rendered":"<p>36.16 \u20ac\/kg<\/p>\n","protected":false},"featured_media":1259056,"template":"","meta":{"_acf_changed":false,"inline_featured_image":false},"product_cat":[125,207],"product_tag":[],"acf":[],"aioseo_notices":[],"_links":{"self":[{"href":"https:\/\/ventspils.citro.lv\/ru\/wp-json\/wp\/v2\/product\/671"}],"collection":[{"href":"https:\/\/ventspils.citro.lv\/ru\/wp-json\/wp\/v2\/product"}],"about":[{"href":"https:\/\/ventspils.citro.lv\/ru\/wp-json\/wp\/v2\/types\/product"}],"wp:featuredmedia":[{"embeddable":true,"href":"https:\/\/ventspils.citro.lv\/ru\/wp-json\/wp\/v2\/media\/1259056"}],"wp:attachment":[{"href":"https:\/\/ventspils.citro.lv\/ru\/wp-json\/wp\/v2\/media?parent=671"}],"wp:term":[{"taxonomy":"product_cat","embeddable":true,"href":"https:\/\/ventspils.citro.lv\/ru\/wp-json\/wp\/v2\/product_cat?post=671"},{"taxonomy":"product_tag","embeddable":true,"href":"https:\/\/ventspils.citro.lv\/ru\/wp-json\/wp\/v2\/product_tag?post=671"}],"curies":[{"name":"wp","href":"https:\/\/api.w.org\/{rel}","templated":true}]}}