{"id":670,"date":"2026-05-12T03:33:59","date_gmt":"2026-05-12T00:33:59","guid":{"rendered":"http:\/\/cvent.dev.wmc.lv\/ventspils\/veikals\/silkes-fileja-tradicionala-240g-vici\/"},"modified":"2026-05-12T03:34:04","modified_gmt":"2026-05-12T00:34:04","slug":"silkes-fileja-tradicionala-vici-240g-190g","status":"publish","type":"product","link":"https:\/\/ventspils.citro.lv\/ru\/veikals\/silkes-fileja-tradicionala-vici-240g-190g\/","title":{"rendered":"Si\u013c\u0137es fileja tradicion\u0101l\u0101 Vi\u010di 240g\/190g"},"content":{"rendered":"","protected":false},"excerpt":{"rendered":"<p>17.32 \u20ac\/kg<\/p>\n","protected":false},"featured_media":1258601,"template":"","meta":{"_acf_changed":false,"inline_featured_image":false},"product_cat":[545,135],"product_tag":[],"acf":[],"aioseo_notices":[],"_links":{"self":[{"href":"https:\/\/ventspils.citro.lv\/ru\/wp-json\/wp\/v2\/product\/670"}],"collection":[{"href":"https:\/\/ventspils.citro.lv\/ru\/wp-json\/wp\/v2\/product"}],"about":[{"href":"https:\/\/ventspils.citro.lv\/ru\/wp-json\/wp\/v2\/types\/product"}],"wp:featuredmedia":[{"embeddable":true,"href":"https:\/\/ventspils.citro.lv\/ru\/wp-json\/wp\/v2\/media\/1258601"}],"wp:attachment":[{"href":"https:\/\/ventspils.citro.lv\/ru\/wp-json\/wp\/v2\/media?parent=670"}],"wp:term":[{"taxonomy":"product_cat","embeddable":true,"href":"https:\/\/ventspils.citro.lv\/ru\/wp-json\/wp\/v2\/product_cat?post=670"},{"taxonomy":"product_tag","embeddable":true,"href":"https:\/\/ventspils.citro.lv\/ru\/wp-json\/wp\/v2\/product_tag?post=670"}],"curies":[{"name":"wp","href":"https:\/\/api.w.org\/{rel}","templated":true}]}}