{"id":668,"date":"2026-04-14T02:54:14","date_gmt":"2026-04-13T23:54:14","guid":{"rendered":"http:\/\/cvent.dev.wmc.lv\/ventspils\/veikals\/siers-kausetais-ar-zalumiem-un-gailenu-garsu-185g-valio\/"},"modified":"2026-04-14T02:54:19","modified_gmt":"2026-04-13T23:54:19","slug":"kausetais-siers-ar-zalumiem-un-gailenu-garsu-viola-185g","status":"publish","type":"product","link":"https:\/\/ventspils.citro.lv\/ru\/veikals\/kausetais-siers-ar-zalumiem-un-gailenu-garsu-viola-185g\/","title":{"rendered":"Kaus\u0113tais siers ar za\u013cumiem un gaile\u0146u gar\u0161u Viola 185g"},"content":{"rendered":"","protected":false},"excerpt":{"rendered":"<p>10.22 \u20ac\/kg<\/p>\n","protected":false},"featured_media":1245309,"template":"","meta":{"_acf_changed":false,"inline_featured_image":false},"product_cat":[95,223],"product_tag":[],"acf":[],"aioseo_notices":[],"_links":{"self":[{"href":"https:\/\/ventspils.citro.lv\/ru\/wp-json\/wp\/v2\/product\/668"}],"collection":[{"href":"https:\/\/ventspils.citro.lv\/ru\/wp-json\/wp\/v2\/product"}],"about":[{"href":"https:\/\/ventspils.citro.lv\/ru\/wp-json\/wp\/v2\/types\/product"}],"wp:featuredmedia":[{"embeddable":true,"href":"https:\/\/ventspils.citro.lv\/ru\/wp-json\/wp\/v2\/media\/1245309"}],"wp:attachment":[{"href":"https:\/\/ventspils.citro.lv\/ru\/wp-json\/wp\/v2\/media?parent=668"}],"wp:term":[{"taxonomy":"product_cat","embeddable":true,"href":"https:\/\/ventspils.citro.lv\/ru\/wp-json\/wp\/v2\/product_cat?post=668"},{"taxonomy":"product_tag","embeddable":true,"href":"https:\/\/ventspils.citro.lv\/ru\/wp-json\/wp\/v2\/product_tag?post=668"}],"curies":[{"name":"wp","href":"https:\/\/api.w.org\/{rel}","templated":true}]}}