{"id":666281,"date":"2026-03-01T01:24:18","date_gmt":"2026-02-28T23:24:18","guid":{"rendered":"https:\/\/ventspils.citro.lv\/veikals\/cukgala-vitinata-jamon-serrano-100g\/"},"modified":"2026-04-12T10:33:14","modified_gmt":"2026-04-12T07:33:14","slug":"cukgala-vitinata-jamon-serrano-100g","status":"publish","type":"product","link":"https:\/\/ventspils.citro.lv\/ru\/veikals\/cukgala-vitinata-jamon-serrano-100g\/","title":{"rendered":"C\u016bkga\u013ca v\u012btin\u0101ta Jamon Serrano 100g"},"content":{"rendered":"","protected":false},"excerpt":{"rendered":"<p>26.50 \u20ac\/kg<\/p>\n","protected":false},"featured_media":1219894,"template":"","meta":{"_acf_changed":false,"inline_featured_image":false},"product_cat":[135,178],"product_tag":[],"acf":[],"aioseo_notices":[],"_links":{"self":[{"href":"https:\/\/ventspils.citro.lv\/ru\/wp-json\/wp\/v2\/product\/666281"}],"collection":[{"href":"https:\/\/ventspils.citro.lv\/ru\/wp-json\/wp\/v2\/product"}],"about":[{"href":"https:\/\/ventspils.citro.lv\/ru\/wp-json\/wp\/v2\/types\/product"}],"wp:featuredmedia":[{"embeddable":true,"href":"https:\/\/ventspils.citro.lv\/ru\/wp-json\/wp\/v2\/media\/1219894"}],"wp:attachment":[{"href":"https:\/\/ventspils.citro.lv\/ru\/wp-json\/wp\/v2\/media?parent=666281"}],"wp:term":[{"taxonomy":"product_cat","embeddable":true,"href":"https:\/\/ventspils.citro.lv\/ru\/wp-json\/wp\/v2\/product_cat?post=666281"},{"taxonomy":"product_tag","embeddable":true,"href":"https:\/\/ventspils.citro.lv\/ru\/wp-json\/wp\/v2\/product_tag?post=666281"}],"curies":[{"name":"wp","href":"https:\/\/api.w.org\/{rel}","templated":true}]}}