{"id":666280,"date":"2026-02-18T02:48:37","date_gmt":"2026-02-18T00:48:37","guid":{"rendered":"https:\/\/ventspils.citro.lv\/veikals\/cukgala-vitinata-jamon-serrano-250g\/"},"modified":"2026-02-18T02:48:47","modified_gmt":"2026-02-18T00:48:47","slug":"cukgala-vitinata-jamon-serrano-250g","status":"publish","type":"product","link":"https:\/\/ventspils.citro.lv\/ru\/veikals\/cukgala-vitinata-jamon-serrano-250g\/","title":{"rendered":"C\u016bkga\u013ca v\u012btin\u0101ta Jamon Serrano 250g"},"content":{"rendered":"","protected":false},"excerpt":{"rendered":"<p>26.36 \u20ac\/kg<\/p>\n","protected":false},"featured_media":1211041,"template":"","meta":{"_acf_changed":false,"inline_featured_image":false},"product_cat":[135,178],"product_tag":[],"acf":[],"aioseo_notices":[],"_links":{"self":[{"href":"https:\/\/ventspils.citro.lv\/ru\/wp-json\/wp\/v2\/product\/666280"}],"collection":[{"href":"https:\/\/ventspils.citro.lv\/ru\/wp-json\/wp\/v2\/product"}],"about":[{"href":"https:\/\/ventspils.citro.lv\/ru\/wp-json\/wp\/v2\/types\/product"}],"wp:featuredmedia":[{"embeddable":true,"href":"https:\/\/ventspils.citro.lv\/ru\/wp-json\/wp\/v2\/media\/1211041"}],"wp:attachment":[{"href":"https:\/\/ventspils.citro.lv\/ru\/wp-json\/wp\/v2\/media?parent=666280"}],"wp:term":[{"taxonomy":"product_cat","embeddable":true,"href":"https:\/\/ventspils.citro.lv\/ru\/wp-json\/wp\/v2\/product_cat?post=666280"},{"taxonomy":"product_tag","embeddable":true,"href":"https:\/\/ventspils.citro.lv\/ru\/wp-json\/wp\/v2\/product_tag?post=666280"}],"curies":[{"name":"wp","href":"https:\/\/api.w.org\/{rel}","templated":true}]}}