{"id":666279,"date":"2026-01-28T23:00:52","date_gmt":"2026-01-28T21:00:52","guid":{"rendered":"https:\/\/ventspils.citro.lv\/veikals\/desa-vitinata-chorizo-espano-skeles-100gr\/"},"modified":"2026-02-18T15:42:03","modified_gmt":"2026-02-18T13:42:03","slug":"desa-vitinata-chorizo-espano-skeles-100gr","status":"publish","type":"product","link":"https:\/\/ventspils.citro.lv\/ru\/veikals\/desa-vitinata-chorizo-espano-skeles-100gr\/","title":{"rendered":"Desa v\u012btin\u0101ta Chorizo ESPA\u00d1O \u0161\u0137\u0113les 100gr"},"content":{"rendered":"","protected":false},"excerpt":{"rendered":"<p>21.20 \u20ac\/kg<\/p>\n","protected":false},"featured_media":1200742,"template":"","meta":{"_acf_changed":false,"inline_featured_image":false},"product_cat":[135,178],"product_tag":[],"acf":[],"aioseo_notices":[],"_links":{"self":[{"href":"https:\/\/ventspils.citro.lv\/ru\/wp-json\/wp\/v2\/product\/666279"}],"collection":[{"href":"https:\/\/ventspils.citro.lv\/ru\/wp-json\/wp\/v2\/product"}],"about":[{"href":"https:\/\/ventspils.citro.lv\/ru\/wp-json\/wp\/v2\/types\/product"}],"wp:featuredmedia":[{"embeddable":true,"href":"https:\/\/ventspils.citro.lv\/ru\/wp-json\/wp\/v2\/media\/1200742"}],"wp:attachment":[{"href":"https:\/\/ventspils.citro.lv\/ru\/wp-json\/wp\/v2\/media?parent=666279"}],"wp:term":[{"taxonomy":"product_cat","embeddable":true,"href":"https:\/\/ventspils.citro.lv\/ru\/wp-json\/wp\/v2\/product_cat?post=666279"},{"taxonomy":"product_tag","embeddable":true,"href":"https:\/\/ventspils.citro.lv\/ru\/wp-json\/wp\/v2\/product_tag?post=666279"}],"curies":[{"name":"wp","href":"https:\/\/api.w.org\/{rel}","templated":true}]}}